{"id":1955,"date":"2020-02-10T16:49:20","date_gmt":"2020-02-10T16:49:20","guid":{"rendered":"https:\/\/welcomealghero.com\/privacy-policy\/"},"modified":"2024-03-15T17:20:05","modified_gmt":"2024-03-15T17:20:05","slug":"privacy-policy","status":"publish","type":"page","link":"https:\/\/welcomealghero.com\/de\/datenschutzbestimmungen-2\/","title":{"rendered":"Datenschutzrichtlinie"},"content":{"rendered":"<h1>Datenschutzrichtlinie f\u00fcr Welcome Alghero<\/h1>\n<p>Bei Welcomealghero.com, erreichbar \u00fcber https:\/\/welcomealghero.com\/, ist eine unserer Hauptpriorit\u00e4ten der Schutz der Privatsph\u00e4re unserer Besucher. Diese Datenschutzrichtlinie enth\u00e4lt die Arten von Informationen, die von Welcomealghero.com gesammelt und aufgezeichnet werden, und wie wir sie verwenden.<\/p>\n<p>Wenn Sie weitere Fragen haben oder mehr Informationen \u00fcber unsere Datenschutzpolitik ben\u00f6tigen, z\u00f6gern Sie nicht, uns zu kontaktieren. Unsere Datenschutzrichtlinie wurde mit Hilfe der <a href=\"https:\/\/www.generateprivacypolicy.com\/\" target=\"_blank\" rel=\"noopener\">Generator f\u00fcr Datenschutzrichtlinien<\/a>.<\/p>\n<h2>Log-Dateien<\/h2>\n<p>Welcomealghero.com verwendet standardm\u00e4\u00dfig Protokolldateien. Diese Dateien protokollieren die Besuche von Besuchern auf Websites. Alle Hosting-Firmen tun dies und es ist Teil der Analyse der Hosting-Dienste. Zu den von den Logdateien gesammelten Informationen geh\u00f6ren Internetprotokolladressen (IP), Browsertyp, Internetdienstanbieter (ISP), Datums- und Zeitstempel, verweisende\/verlassende Seiten und m\u00f6glicherweise die Anzahl der Klicks. Diese Daten werden nicht mit Informationen verkn\u00fcpft, die eine pers\u00f6nliche Identifizierung erm\u00f6glichen. Der Zweck dieser Informationen besteht darin, Trends zu analysieren, die Website zu verwalten, die Bewegungen der Nutzer auf der Website zu verfolgen und demographische Informationen zu sammeln.<\/p>\n<h2>Cookies und Web Beacons<\/h2>\n<p>Wie jede andere Website auch, verwendet Welcomealghero.com \"Cookies\". Diese Cookies werden verwendet, um Informationen zu speichern, einschlie\u00dflich der Pr\u00e4ferenzen der Besucher und der Seiten auf der Website, die der Besucher aufgerufen oder besucht hat. Diese Informationen werden verwendet, um die Benutzererfahrung zu optimieren, indem wir den Inhalt unserer Webseiten auf der Grundlage des Browsertyps der Besucher und\/oder anderer Informationen anpassen.<\/p>\n<h2>Google DoubleClick DART-Cookie<\/h2>\n<p>Google ist einer der Drittanbieter auf unserer Website. Google verwendet auch Cookies, so genannte DART-Cookies, um den Besuchern unserer Website auf der Grundlage ihrer Besuche auf www.website.com und anderen Websites im Internet Anzeigen zu schalten. Besucher k\u00f6nnen jedoch die Verwendung von DART-Cookies ablehnen, indem sie die Datenschutzbestimmungen des Google-Anzeigen- und Content-Netzwerks unter der folgenden URL aufrufen <a href=\"https:\/\/policies.google.com\/technologies\/ads\" target=\"_blank\" rel=\"noopener\">https:\/\/policies.google.com\/technologies\/ads<\/a><\/p>\n<h2>Unsere Werbepartner<\/h2>\n<p>Einige der Werbepartner auf unserer Website k\u00f6nnen Cookies und Web Beacons verwenden. Unsere Werbepartner sind unten aufgef\u00fchrt. Jeder unserer Werbepartner hat seine eigenen Datenschutzrichtlinien f\u00fcr den Umgang mit Nutzerdaten. Um den Zugang zu erleichtern, haben wir unten einen Hyperlink zu ihren Datenschutzrichtlinien gesetzt.<\/p>\n<ul>\n<li>\n<p>Google<\/p>\n<p><a href=\"https:\/\/policies.google.com\/technologies\/ads\" target=\"_blank\" rel=\"noopener\">https:\/\/policies.google.com\/technologies\/ads<\/a><\/p>\n<\/li>\n<\/ul>\n<h2>Datenschutzrichtlinien<\/h2>\n<p>Sie k\u00f6nnen diese Liste konsultieren, um die Datenschutzrichtlinien f\u00fcr jeden der Werbepartner von Welcomealghero.com zu finden.<\/p>\n<p>Werbeserver oder Werbenetzwerke von Drittanbietern verwenden Technologien wie Cookies, JavaScript oder Web Beacons, die in ihren jeweiligen Werbeanzeigen und Links auf Welcomealghero.com verwendet werden, die direkt an den Browser der Nutzer gesendet werden. Dabei erhalten sie automatisch Ihre IP-Adresse. Diese Technologien werden verwendet, um die Wirksamkeit ihrer Werbekampagnen zu messen und\/oder die Werbeinhalte, die Sie auf den von Ihnen besuchten Websites sehen, zu personalisieren.<\/p>\n<p>Beachten Sie, dass Welcomealghero.com keinen Zugang zu oder Kontrolle \u00fcber diese Cookies hat, die von Drittanbietern verwendet werden.<\/p>\n<h2>Datenschutzrichtlinien von Dritten<\/h2>\n<p>Die Datenschutzrichtlinie von Welcomealghero.com gilt nicht f\u00fcr andere Werbetreibende oder Websites. Wir raten Ihnen daher, die jeweiligen Datenschutzrichtlinien dieser Werbeserver Dritter zu konsultieren, um genauere Informationen zu erhalten. Sie k\u00f6nnen deren Praktiken und Anweisungen dar\u00fcber enthalten, wie Sie bestimmte Optionen deaktivieren k\u00f6nnen.<\/p>\n<p>Sie k\u00f6nnen Cookies \u00fcber Ihre individuellen Browseroptionen deaktivieren. Ausf\u00fchrlichere Informationen \u00fcber die Cookie-Verwaltung mit bestimmten Webbrowsern finden Sie auf den jeweiligen Websites der Browser. Was sind Cookies?<\/p>\n<h2>Informationen f\u00fcr Kinder<\/h2>\n<p>Ein weiterer Teil unserer Priorit\u00e4t ist der Schutz von Kindern bei der Nutzung des Internets. Wir ermutigen Eltern und Erziehungsberechtigte, ihre Online-Aktivit\u00e4ten zu beobachten, daran teilzunehmen und\/oder sie zu \u00fcberwachen und anzuleiten.<\/p>\n<p>Welcomealghero.com sammelt wissentlich keine personenbezogenen Daten von Kindern unter 13 Jahren. Wenn Sie glauben, dass Ihr Kind diese Art von Daten auf unserer Website angegeben hat, bitten wir Sie dringend, uns sofort zu kontaktieren, und wir werden unser Bestes tun, um diese Daten umgehend aus unseren Unterlagen zu entfernen.<\/p>\n<h2>Nur Online-Datenschutzerkl\u00e4rung<\/h2>\n<p>Diese Datenschutzrichtlinie gilt nur f\u00fcr unsere Online-Aktivit\u00e4ten und f\u00fcr die Besucher unserer Website in Bezug auf die Informationen, die sie auf Welcomealghero.com teilen und\/oder sammeln. Diese Richtlinie gilt nicht f\u00fcr Informationen, die offline oder \u00fcber andere Kan\u00e4le als diese Website gesammelt werden.<\/p>\n<h2>Zustimmung<\/h2>\n<p>Durch die Nutzung unserer Website erkl\u00e4ren Sie sich mit unserer Datenschutzrichtlinie einverstanden und stimmen den darin enthaltenen Bedingungen und Konditionen zu.<\/p>","protected":false},"excerpt":{"rendered":"<p>Privacy Policy for Welcome Alghero At Welcomealghero.com, accessible from https:\/\/welcomealghero.com\/, one of our main priorities is the privacy of our visitors. This Privacy Policy document contains types of information that is collected and recorded by Welcomealghero.com and how we use it. If you have additional questions or require more information about our Privacy Policy, do [&hellip;]<\/p>\n","protected":false},"author":1,"featured_media":0,"parent":0,"menu_order":0,"comment_status":"closed","ping_status":"closed","template":"","meta":{"_acf_changed":false,"site-sidebar-layout":"default","site-content-layout":"","ast-site-content-layout":"default","site-content-style":"default","site-sidebar-style":"default","ast-global-header-display":"","ast-banner-title-visibility":"","ast-main-header-display":"","ast-hfb-above-header-display":"","ast-hfb-below-header-display":"","ast-hfb-mobile-header-display":"","site-post-title":"","ast-breadcrumbs-content":"","ast-featured-img":"","footer-sml-layout":"","ast-disable-related-posts":"","theme-transparent-header-meta":"","adv-header-id-meta":"","stick-header-meta":"","header-above-stick-meta":"","header-main-stick-meta":"","header-below-stick-meta":"","astra-migrate-meta-layouts":"default","ast-page-background-enabled":"default","ast-page-background-meta":{"desktop":{"background-color":"","background-image":"","background-repeat":"repeat","background-position":"center center","background-size":"auto","background-attachment":"scroll","background-type":"","background-media":"","overlay-type":"","overlay-color":"","overlay-opacity":"","overlay-gradient":""},"tablet":{"background-color":"","background-image":"","background-repeat":"repeat","background-position":"center center","background-size":"auto","background-attachment":"scroll","background-type":"","background-media":"","overlay-type":"","overlay-color":"","overlay-opacity":"","overlay-gradient":""},"mobile":{"background-color":"","background-image":"","background-repeat":"repeat","background-position":"center center","background-size":"auto","background-attachment":"scroll","background-type":"","background-media":"","overlay-type":"","overlay-color":"","overlay-opacity":"","overlay-gradient":""}},"ast-content-background-meta":{"desktop":{"background-color":"var(--ast-global-color-5)","background-image":"","background-repeat":"repeat","background-position":"center center","background-size":"auto","background-attachment":"scroll","background-type":"","background-media":"","overlay-type":"","overlay-color":"","overlay-opacity":"","overlay-gradient":""},"tablet":{"background-color":"var(--ast-global-color-5)","background-image":"","background-repeat":"repeat","background-position":"center center","background-size":"auto","background-attachment":"scroll","background-type":"","background-media":"","overlay-type":"","overlay-color":"","overlay-opacity":"","overlay-gradient":""},"mobile":{"background-color":"var(--ast-global-color-5)","background-image":"","background-repeat":"repeat","background-position":"center center","background-size":"auto","background-attachment":"scroll","background-type":"","background-media":"","overlay-type":"","overlay-color":"","overlay-opacity":"","overlay-gradient":""}},"iawp_total_views":7,"footnotes":""},"class_list":["post-1955","page","type-page","status-publish","hentry"],"acf":[],"_links":{"self":[{"href":"https:\/\/welcomealghero.com\/de\/wp-json\/wp\/v2\/pages\/1955","targetHints":{"allow":["GET"]}}],"collection":[{"href":"https:\/\/welcomealghero.com\/de\/wp-json\/wp\/v2\/pages"}],"about":[{"href":"https:\/\/welcomealghero.com\/de\/wp-json\/wp\/v2\/types\/page"}],"author":[{"embeddable":true,"href":"https:\/\/welcomealghero.com\/de\/wp-json\/wp\/v2\/users\/1"}],"replies":[{"embeddable":true,"href":"https:\/\/welcomealghero.com\/de\/wp-json\/wp\/v2\/comments?post=1955"}],"version-history":[{"count":0,"href":"https:\/\/welcomealghero.com\/de\/wp-json\/wp\/v2\/pages\/1955\/revisions"}],"wp:attachment":[{"href":"https:\/\/welcomealghero.com\/de\/wp-json\/wp\/v2\/media?parent=1955"}],"curies":[{"name":"wp","href":"https:\/\/api.w.org\/{rel}","templated":true}]}}