{"id":2316,"date":"2024-07-23T10:34:57","date_gmt":"2024-07-23T10:34:57","guid":{"rendered":"https:\/\/welcomealghero.com\/?page_id=2316"},"modified":"2024-10-07T13:23:27","modified_gmt":"2024-10-07T13:23:27","slug":"case-vacanza-smeraldo-alghero","status":"publish","type":"page","link":"https:\/\/welcomealghero.com\/de\/fall-vacanza-smeraldo-alghero-2\/","title":{"rendered":"Fall vacanza smeraldo alghero"},"content":{"rendered":"<div data-elementor-type=\"wp-page\" data-elementor-id=\"2316\" class=\"elementor elementor-2316\" data-elementor-post-type=\"page\">\n\t\t\t\t<div class=\"elementor-element elementor-element-51a499f e-flex e-con-boxed e-con e-parent\" data-id=\"51a499f\" data-element_type=\"container\" data-e-type=\"container\" data-settings=\"{&quot;background_background&quot;:&quot;classic&quot;}\">\n\t\t\t\t\t<div class=\"e-con-inner\">\n\t\t\t\t<div class=\"elementor-element elementor-element-7311bb5 elementor-widget elementor-widget-heading\" data-id=\"7311bb5\" data-element_type=\"widget\" data-e-type=\"widget\" data-widget_type=\"heading.default\">\n\t\t\t\t<div class=\"elementor-widget-container\">\n\t\t\t\t\t<h1 class=\"elementor-heading-title elementor-size-default\">Private Ferienwohnungen in Alghero <\/h1>\t\t\t\t<\/div>\n\t\t\t\t<\/div>\n\t\t\t\t<div class=\"elementor-element elementor-element-fba2e3b elementor-widget elementor-widget-heading\" data-id=\"fba2e3b\" data-element_type=\"widget\" data-e-type=\"widget\" data-widget_type=\"heading.default\">\n\t\t\t\t<div class=\"elementor-widget-container\">\n\t\t\t\t\t<h3 class=\"elementor-heading-title elementor-size-default\">Risparmia chiamando direttamente!<\/h3>\t\t\t\t<\/div>\n\t\t\t\t<\/div>\n\t\t\t\t<div class=\"elementor-element elementor-element-772a0bf elementor-widget elementor-widget-heading\" data-id=\"772a0bf\" data-element_type=\"widget\" data-e-type=\"widget\" data-widget_type=\"heading.default\">\n\t\t\t\t<div class=\"elementor-widget-container\">\n\t\t\t\t\t<h2 class=\"elementor-heading-title elementor-size-default\">+39 329 736 2422<\/h2>\t\t\t\t<\/div>\n\t\t\t\t<\/div>\n\t\t\t\t<div class=\"elementor-element elementor-element-386b2d6 elementor-align-center elementor-widget elementor-widget-button\" data-id=\"386b2d6\" data-element_type=\"widget\" data-e-type=\"widget\" data-widget_type=\"button.default\">\n\t\t\t\t<div class=\"elementor-widget-container\">\n\t\t\t\t\t\t\t\t\t<div class=\"elementor-button-wrapper\">\n\t\t\t\t\t<a class=\"elementor-button elementor-button-link elementor-size-sm\" href=\"#contact\">\n\t\t\t\t\t\t<span class=\"elementor-button-content-wrapper\">\n\t\t\t\t\t\t\t\t\t<span class=\"elementor-button-text\">Kontatto<\/span>\n\t\t\t\t\t<\/span>\n\t\t\t\t\t<\/a>\n\t\t\t\t<\/div>\n\t\t\t\t\t\t\t\t<\/div>\n\t\t\t\t<\/div>\n\t\t\t\t\t<\/div>\n\t\t\t\t<\/div>\n\t\t<div class=\"elementor-element elementor-element-93c696b e-flex e-con-boxed e-con e-parent\" data-id=\"93c696b\" data-element_type=\"container\" data-e-type=\"container\" data-settings=\"{&quot;background_background&quot;:&quot;classic&quot;}\">\n\t\t\t\t\t<div class=\"e-con-inner\">\n\t\t\t\t<div class=\"elementor-element elementor-element-d5a51cf elementor-widget elementor-widget-heading\" data-id=\"d5a51cf\" data-element_type=\"widget\" data-e-type=\"widget\" data-widget_type=\"heading.default\">\n\t\t\t\t<div class=\"elementor-widget-container\">\n\t\t\t\t\t<h6 class=\"elementor-heading-title elementor-size-default\">Rrisparmia noleggiando direttamente!<\/h6>\t\t\t\t<\/div>\n\t\t\t\t<\/div>\n\t\t\t\t<div class=\"elementor-element elementor-element-2b9b1cd elementor-widget elementor-widget-heading\" data-id=\"2b9b1cd\" data-element_type=\"widget\" data-e-type=\"widget\" data-widget_type=\"heading.default\">\n\t\t\t\t<div class=\"elementor-widget-container\">\n\t\t\t\t\t<h2 class=\"elementor-heading-title elementor-size-default\">I nostri appartamenti<\/h2>\t\t\t\t<\/div>\n\t\t\t\t<\/div>\n\t\t\t\t<div class=\"elementor-element elementor-element-5eb5434 elementor-widget-divider--view-line elementor-widget elementor-widget-divider\" data-id=\"5eb5434\" data-element_type=\"widget\" data-e-type=\"widget\" data-widget_type=\"divider.default\">\n\t\t\t\t<div class=\"elementor-widget-container\">\n\t\t\t\t\t\t\t<div class=\"elementor-divider\">\n\t\t\t<span class=\"elementor-divider-separator\">\n\t\t\t\t\t\t<\/span>\n\t\t<\/div>\n\t\t\t\t\t\t<\/div>\n\t\t\t\t<\/div>\n\t\t<div class=\"elementor-element elementor-element-7656020 e-con-full e-flex e-con e-child\" data-id=\"7656020\" data-element_type=\"container\" data-e-type=\"container\">\n\t\t<div class=\"elementor-element elementor-element-533044f e-con-full e-flex e-con e-child\" data-id=\"533044f\" data-element_type=\"container\" data-e-type=\"container\">\n\t\t\t\t<div class=\"elementor-element elementor-element-f7257fa elementor-widget elementor-widget-image\" data-id=\"f7257fa\" data-element_type=\"widget\" data-e-type=\"widget\" data-widget_type=\"image.default\">\n\t\t\t\t<div class=\"elementor-widget-container\">\n\t\t\t\t\t\t\t\t\t\t\t\t\t\t\t<img fetchpriority=\"high\" decoding=\"async\" width=\"1440\" height=\"1080\" src=\"https:\/\/welcomealghero.com\/wp-content\/uploads\/2024\/07\/1677519424181-1.jpg\" class=\"attachment-full size-full wp-image-2349\" alt=\"\" srcset=\"https:\/\/welcomealghero.com\/wp-content\/uploads\/2024\/07\/1677519424181-1.jpg 1440w, https:\/\/welcomealghero.com\/wp-content\/uploads\/2024\/07\/1677519424181-1-500x375.jpg 500w, https:\/\/welcomealghero.com\/wp-content\/uploads\/2024\/07\/1677519424181-1-700x525.jpg 700w, https:\/\/welcomealghero.com\/wp-content\/uploads\/2024\/07\/1677519424181-1-300x225.jpg 300w, https:\/\/welcomealghero.com\/wp-content\/uploads\/2024\/07\/1677519424181-1-1024x768.jpg 1024w, https:\/\/welcomealghero.com\/wp-content\/uploads\/2024\/07\/1677519424181-1-768x576.jpg 768w\" sizes=\"(max-width: 1440px) 100vw, 1440px\" \/>\t\t\t\t\t\t\t\t\t\t\t\t\t\t\t<\/div>\n\t\t\t\t<\/div>\n\t\t\t\t<div class=\"elementor-element elementor-element-70e465a elementor-widget elementor-widget-image-box\" data-id=\"70e465a\" data-element_type=\"widget\" data-e-type=\"widget\" data-widget_type=\"image-box.default\">\n\t\t\t\t<div class=\"elementor-widget-container\">\n\t\t\t\t\t<div class=\"elementor-image-box-wrapper\"><div class=\"elementor-image-box-content\"><h3 class=\"elementor-image-box-title\">Haus Sofia<\/h3><p class=\"elementor-image-box-description\">via Sardegna 41 Alghero<\/p><\/div><\/div>\t\t\t\t<\/div>\n\t\t\t\t<\/div>\n\t\t\t\t<div class=\"elementor-element elementor-element-eab30a1 elementor-widget elementor-widget-text-editor\" data-id=\"eab30a1\" data-element_type=\"widget\" data-e-type=\"widget\" data-widget_type=\"text-editor.default\">\n\t\t\t\t<div class=\"elementor-widget-container\">\n\t\t\t\t\t\t\t\t\t<p><strong>Appartamento<\/strong>\u00a0in piccolo contesto condominiale: a solo 300 mt. dalla spiaggia e pochi minuti da centro citt\u00e0. tutti i servizi primari indispensabili nelle immediate vicinanze. Klimatisiert, gut ausgestattet, ideal f\u00fcr einen gemeinsamen Urlaub. Disponibile divano, nel soggiorno, letto per eventuale terzo ospite<\/p>\t\t\t\t\t\t\t\t<\/div>\n\t\t\t\t<\/div>\n\t\t\t\t<div class=\"elementor-element elementor-element-8456ce0 elementor-widget elementor-widget-button\" data-id=\"8456ce0\" data-element_type=\"widget\" data-e-type=\"widget\" data-widget_type=\"button.default\">\n\t\t\t\t<div class=\"elementor-widget-container\">\n\t\t\t\t\t\t\t\t\t<div class=\"elementor-button-wrapper\">\n\t\t\t\t\t<a class=\"elementor-button elementor-button-link elementor-size-sm\" href=\"http:\/\/casevacanzasmeraldoalghero.it\/\" target=\"_blank\" rel=\"noopener\">\n\t\t\t\t\t\t<span class=\"elementor-button-content-wrapper\">\n\t\t\t\t\t\t\t\t\t<span class=\"elementor-button-text\">Clicca Qui<\/span>\n\t\t\t\t\t<\/span>\n\t\t\t\t\t<\/a>\n\t\t\t\t<\/div>\n\t\t\t\t\t\t\t\t<\/div>\n\t\t\t\t<\/div>\n\t\t\t\t<\/div>\n\t\t<div class=\"elementor-element elementor-element-b425668 e-con-full e-flex e-con e-child\" data-id=\"b425668\" data-element_type=\"container\" data-e-type=\"container\">\n\t\t\t\t<div class=\"elementor-element elementor-element-1b83185 elementor-widget elementor-widget-image\" data-id=\"1b83185\" data-element_type=\"widget\" data-e-type=\"widget\" data-widget_type=\"image.default\">\n\t\t\t\t<div class=\"elementor-widget-container\">\n\t\t\t\t\t\t\t\t\t\t\t\t\t\t\t<img decoding=\"async\" width=\"1080\" height=\"1440\" src=\"https:\/\/welcomealghero.com\/wp-content\/uploads\/2024\/07\/1677574406467-1.jpg\" class=\"attachment-full size-full wp-image-2331\" alt=\"\" srcset=\"https:\/\/welcomealghero.com\/wp-content\/uploads\/2024\/07\/1677574406467-1.jpg 1080w, https:\/\/welcomealghero.com\/wp-content\/uploads\/2024\/07\/1677574406467-1-500x667.jpg 500w, https:\/\/welcomealghero.com\/wp-content\/uploads\/2024\/07\/1677574406467-1-700x933.jpg 700w, https:\/\/welcomealghero.com\/wp-content\/uploads\/2024\/07\/1677574406467-1-225x300.jpg 225w, https:\/\/welcomealghero.com\/wp-content\/uploads\/2024\/07\/1677574406467-1-768x1024.jpg 768w\" sizes=\"(max-width: 1080px) 100vw, 1080px\" \/>\t\t\t\t\t\t\t\t\t\t\t\t\t\t\t<\/div>\n\t\t\t\t<\/div>\n\t\t\t\t<div class=\"elementor-element elementor-element-055d955 elementor-widget elementor-widget-image-box\" data-id=\"055d955\" data-element_type=\"widget\" data-e-type=\"widget\" data-widget_type=\"image-box.default\">\n\t\t\t\t<div class=\"elementor-widget-container\">\n\t\t\t\t\t<div class=\"elementor-image-box-wrapper\"><div class=\"elementor-image-box-content\"><h3 class=\"elementor-image-box-title\">Haus Sydney<\/h3><p class=\"elementor-image-box-description\">via Sardegna 41 Alghero<\/p><\/div><\/div>\t\t\t\t<\/div>\n\t\t\t\t<\/div>\n\t\t\t\t<div class=\"elementor-element elementor-element-ddae5d6 elementor-widget elementor-widget-text-editor\" data-id=\"ddae5d6\" data-element_type=\"widget\" data-e-type=\"widget\" data-widget_type=\"text-editor.default\">\n\t\t\t\t<div class=\"elementor-widget-container\">\n\t\t\t\t\t\t\t\t\t<p><strong>A pochi metri dal Lido,<\/strong>\u00a0mit allen wichtigen Dienstleistungen nur wenige Minuten von der Wohnung entfernt (Supermarkt, Bank, Apotheke, Krankenhaus, Bushaltestelle). L'immobile \u00e8 composto da: ingresso; soggiorno con angolo cottura con finestra e porta -finestra con affaccio sul balcone; bagno completo con doccia; camera da letto matrimoniale con alcova adibita a cameretta con due letti a castello , trasformabile in cabina armadio. Komplette Ausstattung mit Klimaanlage und M\u00f6beln.<\/p>\t\t\t\t\t\t\t\t<\/div>\n\t\t\t\t<\/div>\n\t\t\t\t<div class=\"elementor-element elementor-element-b4703f5 elementor-widget elementor-widget-button\" data-id=\"b4703f5\" data-element_type=\"widget\" data-e-type=\"widget\" data-widget_type=\"button.default\">\n\t\t\t\t<div class=\"elementor-widget-container\">\n\t\t\t\t\t\t\t\t\t<div class=\"elementor-button-wrapper\">\n\t\t\t\t\t<a class=\"elementor-button elementor-button-link elementor-size-sm\" href=\"http:\/\/casevacanzasmeraldoalghero.it\/\" target=\"_blank\" rel=\"noopener\">\n\t\t\t\t\t\t<span class=\"elementor-button-content-wrapper\">\n\t\t\t\t\t\t\t\t\t<span class=\"elementor-button-text\">Clicca Qui<\/span>\n\t\t\t\t\t<\/span>\n\t\t\t\t\t<\/a>\n\t\t\t\t<\/div>\n\t\t\t\t\t\t\t\t<\/div>\n\t\t\t\t<\/div>\n\t\t\t\t<\/div>\n\t\t<div class=\"elementor-element elementor-element-c7fd9ae e-con-full e-flex e-con e-child\" data-id=\"c7fd9ae\" data-element_type=\"container\" data-e-type=\"container\">\n\t\t\t\t<div class=\"elementor-element elementor-element-b4f5e98 elementor-widget elementor-widget-image\" data-id=\"b4f5e98\" data-element_type=\"widget\" data-e-type=\"widget\" data-widget_type=\"image.default\">\n\t\t\t\t<div class=\"elementor-widget-container\">\n\t\t\t\t\t\t\t\t\t\t\t\t\t\t\t<img decoding=\"async\" width=\"1440\" height=\"1080\" src=\"https:\/\/welcomealghero.com\/wp-content\/uploads\/2024\/07\/1681981191364.jpg\" class=\"attachment-full size-full wp-image-2320\" alt=\"\" srcset=\"https:\/\/welcomealghero.com\/wp-content\/uploads\/2024\/07\/1681981191364.jpg 1440w, https:\/\/welcomealghero.com\/wp-content\/uploads\/2024\/07\/1681981191364-500x375.jpg 500w, https:\/\/welcomealghero.com\/wp-content\/uploads\/2024\/07\/1681981191364-700x525.jpg 700w, https:\/\/welcomealghero.com\/wp-content\/uploads\/2024\/07\/1681981191364-300x225.jpg 300w, https:\/\/welcomealghero.com\/wp-content\/uploads\/2024\/07\/1681981191364-1024x768.jpg 1024w, https:\/\/welcomealghero.com\/wp-content\/uploads\/2024\/07\/1681981191364-768x576.jpg 768w\" sizes=\"(max-width: 1440px) 100vw, 1440px\" \/>\t\t\t\t\t\t\t\t\t\t\t\t\t\t\t<\/div>\n\t\t\t\t<\/div>\n\t\t\t\t<div class=\"elementor-element elementor-element-0c2e18f elementor-widget elementor-widget-image-box\" data-id=\"0c2e18f\" data-element_type=\"widget\" data-e-type=\"widget\" data-widget_type=\"image-box.default\">\n\t\t\t\t<div class=\"elementor-widget-container\">\n\t\t\t\t\t<div class=\"elementor-image-box-wrapper\"><div class=\"elementor-image-box-content\"><h3 class=\"elementor-image-box-title\">Haus Lalla<\/h3><p class=\"elementor-image-box-description\">Don Minzoni 14<\/p><\/div><\/div>\t\t\t\t<\/div>\n\t\t\t\t<\/div>\n\t\t\t\t<div class=\"elementor-element elementor-element-8b53c06 elementor-widget elementor-widget-text-editor\" data-id=\"8b53c06\" data-element_type=\"widget\" data-e-type=\"widget\" data-widget_type=\"text-editor.default\">\n\t\t\t\t<div class=\"elementor-widget-container\">\n\t\t\t\t\t\t\t\t\t<p><strong>Dank der zentralen Lage dieser Unterkunft haben die G\u00e4ste leichten Zugang zu allen \u00f6rtlichen Attraktionen.<\/strong>\u00a0In nur 10 Minuten zu Fu\u00df ist man im Stadtzentrum und nur 100 Meter vom Meer von Alghero entfernt, wo man einen Tuffstein finden kann. In unmittelbarer N\u00e4he befinden sich alle wichtigen Dienstleistungen und eine Bushaltestelle f\u00fcr die Erkundung der Str\u00e4nde und Sehensw\u00fcrdigkeiten der Korallenriviera, ohne dass man eine Maschine ben\u00f6tigt. Appartamento ingresso autonomo, ben arredato, climatizzato, completo di tutto<\/p>\t\t\t\t\t\t\t\t<\/div>\n\t\t\t\t<\/div>\n\t\t\t\t<div class=\"elementor-element elementor-element-8ebb4e6 elementor-widget elementor-widget-button\" data-id=\"8ebb4e6\" data-element_type=\"widget\" data-e-type=\"widget\" data-widget_type=\"button.default\">\n\t\t\t\t<div class=\"elementor-widget-container\">\n\t\t\t\t\t\t\t\t\t<div class=\"elementor-button-wrapper\">\n\t\t\t\t\t<a class=\"elementor-button elementor-button-link elementor-size-sm\" href=\"http:\/\/casevacanzasmeraldoalghero.it\/\" target=\"_blank\" rel=\"noopener\">\n\t\t\t\t\t\t<span class=\"elementor-button-content-wrapper\">\n\t\t\t\t\t\t\t\t\t<span class=\"elementor-button-text\">Clicca Qui<\/span>\n\t\t\t\t\t<\/span>\n\t\t\t\t\t<\/a>\n\t\t\t\t<\/div>\n\t\t\t\t\t\t\t\t<\/div>\n\t\t\t\t<\/div>\n\t\t\t\t<\/div>\n\t\t\t\t<\/div>\n\t\t\t\t\t<\/div>\n\t\t\t\t<\/div>\n\t\t\t\t<\/div>","protected":false},"excerpt":{"rendered":"<p>Private holiday apartments in alghero Risparmia chiamando direttamente! +39 329 736 2422 Contatto Rrisparmia noleggiando direttamente! I nostri appartamenti Casa Sofia via Sardegna 41 Alghero Appartamento\u00a0in piccolo contesto condominiale: a solo 300 mt. dalla spiaggia e pochi minuti da centro citt\u00e0. tutti i servizi primari indispensabili nelle immediate vicinanze. Climatizzato, ben arredato, ideale per coppia. [&hellip;]<\/p>\n","protected":false},"author":1,"featured_media":0,"parent":0,"menu_order":0,"comment_status":"closed","ping_status":"closed","template":"","meta":{"_acf_changed":false,"site-sidebar-layout":"no-sidebar","site-content-layout":"page-builder","ast-site-content-layout":"full-width-container","site-content-style":"default","site-sidebar-style":"default","ast-global-header-display":"","ast-banner-title-visibility":"","ast-main-header-display":"","ast-hfb-above-header-display":"","ast-hfb-below-header-display":"","ast-hfb-mobile-header-display":"","site-post-title":"disabled","ast-breadcrumbs-content":"","ast-featured-img":"disabled","footer-sml-layout":"","ast-disable-related-posts":"","theme-transparent-header-meta":"","adv-header-id-meta":"","stick-header-meta":"","header-above-stick-meta":"","header-main-stick-meta":"","header-below-stick-meta":"","astra-migrate-meta-layouts":"default","ast-page-background-enabled":"default","ast-page-background-meta":{"desktop":{"background-color":"","background-image":"","background-repeat":"repeat","background-position":"center center","background-size":"auto","background-attachment":"scroll","background-type":"","background-media":"","overlay-type":"","overlay-color":"","overlay-opacity":"","overlay-gradient":""},"tablet":{"background-color":"","background-image":"","background-repeat":"repeat","background-position":"center center","background-size":"auto","background-attachment":"scroll","background-type":"","background-media":"","overlay-type":"","overlay-color":"","overlay-opacity":"","overlay-gradient":""},"mobile":{"background-color":"","background-image":"","background-repeat":"repeat","background-position":"center center","background-size":"auto","background-attachment":"scroll","background-type":"","background-media":"","overlay-type":"","overlay-color":"","overlay-opacity":"","overlay-gradient":""}},"ast-content-background-meta":{"desktop":{"background-color":"var(--ast-global-color-5)","background-image":"","background-repeat":"repeat","background-position":"center center","background-size":"auto","background-attachment":"scroll","background-type":"","background-media":"","overlay-type":"","overlay-color":"","overlay-opacity":"","overlay-gradient":""},"tablet":{"background-color":"var(--ast-global-color-5)","background-image":"","background-repeat":"repeat","background-position":"center center","background-size":"auto","background-attachment":"scroll","background-type":"","background-media":"","overlay-type":"","overlay-color":"","overlay-opacity":"","overlay-gradient":""},"mobile":{"background-color":"var(--ast-global-color-5)","background-image":"","background-repeat":"repeat","background-position":"center center","background-size":"auto","background-attachment":"scroll","background-type":"","background-media":"","overlay-type":"","overlay-color":"","overlay-opacity":"","overlay-gradient":""}},"iawp_total_views":93,"footnotes":""},"class_list":["post-2316","page","type-page","status-publish","hentry"],"acf":[],"_links":{"self":[{"href":"https:\/\/welcomealghero.com\/de\/wp-json\/wp\/v2\/pages\/2316","targetHints":{"allow":["GET"]}}],"collection":[{"href":"https:\/\/welcomealghero.com\/de\/wp-json\/wp\/v2\/pages"}],"about":[{"href":"https:\/\/welcomealghero.com\/de\/wp-json\/wp\/v2\/types\/page"}],"author":[{"embeddable":true,"href":"https:\/\/welcomealghero.com\/de\/wp-json\/wp\/v2\/users\/1"}],"replies":[{"embeddable":true,"href":"https:\/\/welcomealghero.com\/de\/wp-json\/wp\/v2\/comments?post=2316"}],"version-history":[{"count":0,"href":"https:\/\/welcomealghero.com\/de\/wp-json\/wp\/v2\/pages\/2316\/revisions"}],"wp:attachment":[{"href":"https:\/\/welcomealghero.com\/de\/wp-json\/wp\/v2\/media?parent=2316"}],"curies":[{"name":"wp","href":"https:\/\/api.w.org\/{rel}","templated":true}]}}