{"id":23810,"date":"2025-01-28T12:51:12","date_gmt":"2025-01-28T12:51:12","guid":{"rendered":"https:\/\/welcomealghero.com\/?page_id=23810"},"modified":"2025-01-28T12:54:50","modified_gmt":"2025-01-28T12:54:50","slug":"agriturismo-in-alghero","status":"publish","type":"page","link":"https:\/\/welcomealghero.com\/de\/agriturismo-in-alghero\/","title":{"rendered":"Agriturismo in Alghero"},"content":{"rendered":"<div data-elementor-type=\"wp-page\" data-elementor-id=\"23810\" class=\"elementor elementor-23810\" data-elementor-post-type=\"page\">\n\t\t\t\t<div class=\"elementor-element elementor-element-7eddb88 e-flex e-con-boxed e-con e-parent\" data-id=\"7eddb88\" data-element_type=\"container\" data-e-type=\"container\" data-settings=\"{&quot;background_background&quot;:&quot;classic&quot;}\">\n\t\t\t\t\t<div class=\"e-con-inner\">\n\t\t\t\t<div class=\"elementor-element elementor-element-676bea7 elementor-widget elementor-widget-text-editor\" data-id=\"676bea7\" data-element_type=\"widget\" data-e-type=\"widget\" data-widget_type=\"text-editor.default\">\n\t\t\t\t<div class=\"elementor-widget-container\">\n\t\t\t\t\t\t\t\t\t<h1><strong><span style=\"color: #ffffff;\">Agriturismo IN ALGHERO - Aufenthalte auf dem Bauernhof<\/span><\/strong><\/h1><p><strong>Agriturismi, der Plural von Agriturismo, sind Bauernh\u00f6fe auf dem Lande, die dem Reisenden die einzigartige M\u00f6glichkeit bieten, das echte Landleben zu erleben. Viele von ihnen sind bewirtschaftete Bauernh\u00f6fe oder familiengef\u00fchrte Anwesen, die Unterkunft, Mahlzeiten aus lokaler Produktion und eine direkte Verbindung zum Land bieten. Die G\u00e4ste k\u00f6nnen in h\u00fcbsch renovierten Bauernh\u00e4usern wohnen, frische Produkte, Oliven\u00f6l und hausgemachten Wein genie\u00dfen und manchmal an Aktivit\u00e4ten wie Kochkursen, Weinverkostungen oder der Ernte von Saisonfr\u00fcchten teilnehmen. Agriturismi sollen den nachhaltigen Tourismus f\u00f6rdern und den Besuchern einen Eindruck von den landwirtschaftlichen Traditionen und der l\u00e4ndlichen Kultur Italiens vermitteln.<\/strong><\/p><p>Der Aufenthalt in einem Agriturismo ist ein ruhiges und intensives Erlebnis, das man in keinem gew\u00f6hnlichen Hotel finden kann. Die G\u00e4ste eines Agriturismi k\u00f6nnen die Landschaft in ihrer ganzen Ruhe genie\u00dfen, auf dem Bauernhof zubereitete Mahlzeiten zu sich nehmen und die echte Gastfreundschaft ihrer Gastgeber vor Ort erleben. Im Allgemeinen sind Agriturismi preiswerter als herk\u00f6mmliche Hotels, und wenn Mahlzeiten oder Aktivit\u00e4ten inbegriffen sind, steigt der Wert noch weiter. Sie eignen sich auch f\u00fcr Reisende, die einen gr\u00fcneren, entspannteren Urlaub fernab der Touristenstr\u00f6me in den so genannten Touristenorten verbringen m\u00f6chten. Ganz gleich, ob Sie eine romantische Flucht, einen familienfreundlichen R\u00fcckzugsort oder die M\u00f6glichkeit suchen, sich mit der Natur zu verbinden, ein Agriturismo bietet eine perfekte Mischung aus Entspannung, Kultur und Abenteuer.<\/p>\t\t\t\t\t\t\t\t<\/div>\n\t\t\t\t<\/div>\n\t\t\t\t\t<\/div>\n\t\t\t\t<\/div>\n\t\t<div class=\"elementor-element elementor-element-0239ef2 e-flex e-con-boxed e-con e-parent\" data-id=\"0239ef2\" data-element_type=\"container\" data-e-type=\"container\">\n\t\t\t\t\t<div class=\"e-con-inner\">\n\t\t\t\t<div class=\"elementor-element elementor-element-dd44189 elementor-widget elementor-widget-uael-posts\" data-id=\"dd44189\" data-element_type=\"widget\" data-e-type=\"widget\" data-settings=\"{&quot;classic_slides_to_show&quot;:3,&quot;classic_slides_to_show_tablet&quot;:2,&quot;classic_slides_to_show_mobile&quot;:1}\" data-widget_type=\"uael-posts.classic\">\n\t\t\t\t<div class=\"elementor-widget-container\">\n\t\t\t\t\t\t\t<div class=\"uael-post__header\">\n\t\t\t\t\t<\/div>\n\t\t<div class=\"uael-post__body\">\n\t\t\t\n\t\t\n\t\t<div class=\"uael-blog-terms-position-above_content uael-post-image-top uael-post-grid uael-posts\" data-query-type=\"custom\" data-structure=\"normal\" data-layout=\"\" data-page=\"23810\" data-skin=\"classic\" data-filter-default=\"\" data-offset-top=\"30\" >\n\n\t\t\t\t\t\t\t<div class=\"uael-post-grid__inner uael-post__columns-3 uael-post__columns-tablet-2 uael-post__columns-mobile-1 uael-post-infinite-scroll uael-post-infinite__event-click\">\n\t\t\t\n<div class=\"uael-post-wrapper\">\n\t<div class=\"uael-post__bg-wrap\">\n\n\t\t\t\t\n\t\t<div class=\"uael-post__inner-wrap\">\n\n\t\t\t\t<div class=\"uael-post__thumbnail\">\n\t\t\t\n\t\t\t<a href=\"https:\/\/welcomealghero.com\/de\/hotels\/agriturismo-agave-2\/\" target=\"_self\" title=\"Agriturismo Agave\"><img fetchpriority=\"high\" decoding=\"async\" width=\"1200\" height=\"630\" src=\"https:\/\/welcomealghero.com\/wp-content\/uploads\/2025\/01\/expedia_group-455867-890690-771345.jpg\" class=\"attachment-full size-full wp-image-22776\" alt=\"\" srcset=\"https:\/\/welcomealghero.com\/wp-content\/uploads\/2025\/01\/expedia_group-455867-890690-771345.jpg 1200w, https:\/\/welcomealghero.com\/wp-content\/uploads\/2025\/01\/expedia_group-455867-890690-771345-300x158.jpg 300w, https:\/\/welcomealghero.com\/wp-content\/uploads\/2025\/01\/expedia_group-455867-890690-771345-1024x538.jpg 1024w, https:\/\/welcomealghero.com\/wp-content\/uploads\/2025\/01\/expedia_group-455867-890690-771345-768x403.jpg 768w, https:\/\/welcomealghero.com\/wp-content\/uploads\/2025\/01\/expedia_group-455867-890690-771345-500x263.jpg 500w, https:\/\/welcomealghero.com\/wp-content\/uploads\/2025\/01\/expedia_group-455867-890690-771345-700x368.jpg 700w\" sizes=\"(max-width: 1200px) 100vw, 1200px\" \/><\/a>\n\t\t\t\t\t<\/div>\n\t\t\n\t\t\t\n\t\t\t<div class=\"uael-post__content-wrap\">\n\t\t\t\t\t\t\t<div class=\"uael-post__terms-wrap\"><span class=\"uael-post__terms\"><span class=\"uael-listing__terms-link\">Agriturismo<\/span><\/span><\/div>\n\t\t\t\t\t\t<h3 class=\"uael-post__title\">\n\n\t\t\n\t\t\t\t\t\t<a href=\"https:\/\/welcomealghero.com\/de\/hotels\/agriturismo-agave-2\/\" target=\"_self\">\n\t\t\t\tAgriturismo Agave\t\t\t<\/a>\n\n\t\t\t\t<\/h3>\n\t\t\n\t\t<div class=\"uael-post__excerpt\">\n\t\t\t<p>Agriturismo Agave Agriturismo Agave Alghero, Strada Vicinale Gutierrez, Alghero, Provinz Sassari, Italien Dieser Bauernhof am Stadtrand bietet ein kostenloses Fr\u00fchst\u00fcck und einen saisonalen Au\u00dfenpool ...<\/p>\n\t\t<\/div>\n\n\t\t\t\t\t<a class=\"uael-post__read-more elementor-button\" href=\"https:\/\/welcomealghero.com\/de\/hotels\/agriturismo-agave-2\/\" target=\"_self\" aria-labelledby=\"uael-post-22808\">\n\t\t\t\t\t<span class=\"elementor-button-content-wrapper\">\n\t\t\t\t\t\t\t\t\t\t\t\t\t\t<span class=\"elementor-button-icon elementor-align-icon-left\">\n\n\t\t\t\t\t\t\t\t\t\n\t\t\t\t\t\t\t\t<\/span>\n\t\t\t\t\t\t\t\t\t\t\t\t\t\n\t\t\t\t\t\t<span class=\"elementor-button-text\" id=\"uael-post-22808\">Mehr lesen \u2192<\/span>\n\t\t\t\t\t<\/span>\n\t\t\t\t<\/a>\n\t\t\t\t\t\t<\/div>\n\t\t\t\n\t\t<\/div>\n\t\t\n\t<\/div>\n\n<\/div>\n\n<div class=\"uael-post-wrapper\">\n\t<div class=\"uael-post__bg-wrap\">\n\n\t\t\t\t\n\t\t<div class=\"uael-post__inner-wrap\">\n\n\t\t\t\t<div class=\"uael-post__thumbnail\">\n\t\t\t\n\t\t\t<a href=\"https:\/\/welcomealghero.com\/de\/hotels\/agriturismo-baratz-2\/\" target=\"_self\" title=\"Agriturismo Baratz\"><img decoding=\"async\" width=\"1200\" height=\"630\" src=\"https:\/\/welcomealghero.com\/wp-content\/uploads\/2025\/01\/expedia_group-355694-a3e123-261541.jpg\" class=\"attachment-full size-full wp-image-22778\" alt=\"\" srcset=\"https:\/\/welcomealghero.com\/wp-content\/uploads\/2025\/01\/expedia_group-355694-a3e123-261541.jpg 1200w, https:\/\/welcomealghero.com\/wp-content\/uploads\/2025\/01\/expedia_group-355694-a3e123-261541-300x158.jpg 300w, https:\/\/welcomealghero.com\/wp-content\/uploads\/2025\/01\/expedia_group-355694-a3e123-261541-1024x538.jpg 1024w, https:\/\/welcomealghero.com\/wp-content\/uploads\/2025\/01\/expedia_group-355694-a3e123-261541-768x403.jpg 768w, https:\/\/welcomealghero.com\/wp-content\/uploads\/2025\/01\/expedia_group-355694-a3e123-261541-500x263.jpg 500w, https:\/\/welcomealghero.com\/wp-content\/uploads\/2025\/01\/expedia_group-355694-a3e123-261541-700x368.jpg 700w\" sizes=\"(max-width: 1200px) 100vw, 1200px\" \/><\/a>\n\t\t\t\t\t<\/div>\n\t\t\n\t\t\t\n\t\t\t<div class=\"uael-post__content-wrap\">\n\t\t\t\t\t\t\t<div class=\"uael-post__terms-wrap\"><span class=\"uael-post__terms\"><span class=\"uael-listing__terms-link\">Agriturismo<\/span><\/span><\/div>\n\t\t\t\t\t\t<h3 class=\"uael-post__title\">\n\n\t\t\n\t\t\t\t\t\t<a href=\"https:\/\/welcomealghero.com\/de\/hotels\/agriturismo-baratz-2\/\" target=\"_self\">\n\t\t\t\tAgriturismo Baratz\t\t\t<\/a>\n\n\t\t\t\t<\/h3>\n\t\t\n\t\t<div class=\"uael-post__excerpt\">\n\t\t\t<p>Agriturismo Baratz Agriturismo Baratz, Strada Vicinale Baratz Monte Pedrosu, Alghero, Provinz Sassari, Italien Unterkunft auf dem Bauernhof in Sassari mit kostenfreiem Parkplatz. Dieser Nichtraucher-Bauernhof ...<\/p>\n\t\t<\/div>\n\n\t\t\t\t\t<a class=\"uael-post__read-more elementor-button\" href=\"https:\/\/welcomealghero.com\/de\/hotels\/agriturismo-baratz-2\/\" target=\"_self\" aria-labelledby=\"uael-post-22809\">\n\t\t\t\t\t<span class=\"elementor-button-content-wrapper\">\n\t\t\t\t\t\t\t\t\t\t\t\t\t\t<span class=\"elementor-button-icon elementor-align-icon-left\">\n\n\t\t\t\t\t\t\t\t\t\n\t\t\t\t\t\t\t\t<\/span>\n\t\t\t\t\t\t\t\t\t\t\t\t\t\n\t\t\t\t\t\t<span class=\"elementor-button-text\" id=\"uael-post-22809\">Mehr lesen \u2192<\/span>\n\t\t\t\t\t<\/span>\n\t\t\t\t<\/a>\n\t\t\t\t\t\t<\/div>\n\t\t\t\n\t\t<\/div>\n\t\t\n\t<\/div>\n\n<\/div>\n\n<div class=\"uael-post-wrapper\">\n\t<div class=\"uael-post__bg-wrap\">\n\n\t\t\t\t\n\t\t<div class=\"uael-post__inner-wrap\">\n\n\t\t\t\t<div class=\"uael-post__thumbnail\">\n\t\t\t\n\t\t\t<a href=\"https:\/\/welcomealghero.com\/de\/hotels\/agriturismo-barbagia\/\" target=\"_self\" title=\"Agriturismo Barbagia\"><img decoding=\"async\" width=\"1360\" height=\"1020\" src=\"https:\/\/welcomealghero.com\/wp-content\/uploads\/2025\/01\/Agriturismo-Barbagia-Alghero.jpg\" class=\"attachment-full size-full wp-image-23806\" alt=\"Agriturismo Barbagia alghero - Agriturismo in Alghero\" srcset=\"https:\/\/welcomealghero.com\/wp-content\/uploads\/2025\/01\/Agriturismo-Barbagia-Alghero.jpg 1360w, https:\/\/welcomealghero.com\/wp-content\/uploads\/2025\/01\/Agriturismo-Barbagia-Alghero-300x225.jpg 300w, https:\/\/welcomealghero.com\/wp-content\/uploads\/2025\/01\/Agriturismo-Barbagia-Alghero-1024x768.jpg 1024w, https:\/\/welcomealghero.com\/wp-content\/uploads\/2025\/01\/Agriturismo-Barbagia-Alghero-768x576.jpg 768w, https:\/\/welcomealghero.com\/wp-content\/uploads\/2025\/01\/Agriturismo-Barbagia-Alghero-500x375.jpg 500w, https:\/\/welcomealghero.com\/wp-content\/uploads\/2025\/01\/Agriturismo-Barbagia-Alghero-700x525.jpg 700w\" sizes=\"(max-width: 1360px) 100vw, 1360px\" \/><\/a>\n\t\t\t\t\t<\/div>\n\t\t\n\t\t\t\n\t\t\t<div class=\"uael-post__content-wrap\">\n\t\t\t\t\t\t\t<div class=\"uael-post__terms-wrap\"><span class=\"uael-post__terms\"><span class=\"uael-listing__terms-link\">Agriturismo<\/span><\/span><\/div>\n\t\t\t\t\t\t<h3 class=\"uael-post__title\">\n\n\t\t\n\t\t\t\t\t\t<a href=\"https:\/\/welcomealghero.com\/de\/hotels\/agriturismo-barbagia\/\" target=\"_self\">\n\t\t\t\tAgriturismo Barbagia\t\t\t<\/a>\n\n\t\t\t\t<\/h3>\n\t\t\n\t\t<div class=\"uael-post__excerpt\">\n\t\t\t<p>Agriturismo Barbagia Agriturismo Barbagia dei F. lli Pirisi, Regione Fighera, Alghero, Provinz Sassari, Italien In Alghero gelegen, ist der Agriturismo Barbagia nur eine kurze Autofahrt ...<\/p>\n\t\t<\/div>\n\n\t\t\t\t\t<a class=\"uael-post__read-more elementor-button\" href=\"https:\/\/welcomealghero.com\/de\/hotels\/agriturismo-barbagia\/\" target=\"_self\" aria-labelledby=\"uael-post-22818\">\n\t\t\t\t\t<span class=\"elementor-button-content-wrapper\">\n\t\t\t\t\t\t\t\t\t\t\t\t\t\t<span class=\"elementor-button-icon elementor-align-icon-left\">\n\n\t\t\t\t\t\t\t\t\t\n\t\t\t\t\t\t\t\t<\/span>\n\t\t\t\t\t\t\t\t\t\t\t\t\t\n\t\t\t\t\t\t<span class=\"elementor-button-text\" id=\"uael-post-22818\">Mehr lesen \u2192<\/span>\n\t\t\t\t\t<\/span>\n\t\t\t\t<\/a>\n\t\t\t\t\t\t<\/div>\n\t\t\t\n\t\t<\/div>\n\t\t\n\t<\/div>\n\n<\/div>\n\n<div class=\"uael-post-wrapper\">\n\t<div class=\"uael-post__bg-wrap\">\n\n\t\t\t\t\n\t\t<div class=\"uael-post__inner-wrap\">\n\n\t\t\t\t<div class=\"uael-post__thumbnail\">\n\t\t\t\n\t\t\t<a href=\"https:\/\/welcomealghero.com\/de\/hotels\/agriturismo-i-vigneti-2\/\" target=\"_self\" title=\"Agriturismo I Vigneti\"><img loading=\"lazy\" decoding=\"async\" width=\"1200\" height=\"630\" src=\"https:\/\/welcomealghero.com\/wp-content\/uploads\/2025\/01\/expedia_group-238203-1f871e54-989719.jpg\" class=\"attachment-full size-full wp-image-22800\" alt=\"\" srcset=\"https:\/\/welcomealghero.com\/wp-content\/uploads\/2025\/01\/expedia_group-238203-1f871e54-989719.jpg 1200w, https:\/\/welcomealghero.com\/wp-content\/uploads\/2025\/01\/expedia_group-238203-1f871e54-989719-300x158.jpg 300w, https:\/\/welcomealghero.com\/wp-content\/uploads\/2025\/01\/expedia_group-238203-1f871e54-989719-1024x538.jpg 1024w, https:\/\/welcomealghero.com\/wp-content\/uploads\/2025\/01\/expedia_group-238203-1f871e54-989719-768x403.jpg 768w, https:\/\/welcomealghero.com\/wp-content\/uploads\/2025\/01\/expedia_group-238203-1f871e54-989719-500x263.jpg 500w, https:\/\/welcomealghero.com\/wp-content\/uploads\/2025\/01\/expedia_group-238203-1f871e54-989719-700x368.jpg 700w\" sizes=\"(max-width: 1200px) 100vw, 1200px\" \/><\/a>\n\t\t\t\t\t<\/div>\n\t\t\n\t\t\t\n\t\t\t<div class=\"uael-post__content-wrap\">\n\t\t\t\t\t\t\t<div class=\"uael-post__terms-wrap\"><span class=\"uael-post__terms\"><span class=\"uael-listing__terms-link\">Agriturismo<\/span><\/span><\/div>\n\t\t\t\t\t\t<h3 class=\"uael-post__title\">\n\n\t\t\n\t\t\t\t\t\t<a href=\"https:\/\/welcomealghero.com\/de\/hotels\/agriturismo-i-vigneti-2\/\" target=\"_self\">\n\t\t\t\tAgriturismo I Vigneti\t\t\t<\/a>\n\n\t\t\t\t<\/h3>\n\t\t\n\t\t<div class=\"uael-post__excerpt\">\n\t\t\t<p>Agriturismo I Vigneti Agriturismo I Vigneti, Strada Santa Caterina, Olmedo, Provinz Sassari, Italien Unterkunft auf dem Bauernhof in Olmedo mit einem Weingut und einem saisonalen Au\u00dfenbereich ...<\/p>\n\t\t<\/div>\n\n\t\t\t\t\t<a class=\"uael-post__read-more elementor-button\" href=\"https:\/\/welcomealghero.com\/de\/hotels\/agriturismo-i-vigneti-2\/\" target=\"_self\" aria-labelledby=\"uael-post-22819\">\n\t\t\t\t\t<span class=\"elementor-button-content-wrapper\">\n\t\t\t\t\t\t\t\t\t\t\t\t\t\t<span class=\"elementor-button-icon elementor-align-icon-left\">\n\n\t\t\t\t\t\t\t\t\t\n\t\t\t\t\t\t\t\t<\/span>\n\t\t\t\t\t\t\t\t\t\t\t\t\t\n\t\t\t\t\t\t<span class=\"elementor-button-text\" id=\"uael-post-22819\">Mehr lesen \u2192<\/span>\n\t\t\t\t\t<\/span>\n\t\t\t\t<\/a>\n\t\t\t\t\t\t<\/div>\n\t\t\t\n\t\t<\/div>\n\t\t\n\t<\/div>\n\n<\/div>\n\n<div class=\"uael-post-wrapper\">\n\t<div class=\"uael-post__bg-wrap\">\n\n\t\t\t\t\n\t\t<div class=\"uael-post__inner-wrap\">\n\n\t\t\t\t<div class=\"uael-post__thumbnail\">\n\t\t\t\n\t\t\t<a href=\"https:\/\/welcomealghero.com\/de\/hotels\/agriturismo-isidoro-2\/\" target=\"_self\" title=\"Agriturismo Isidoro\"><img loading=\"lazy\" decoding=\"async\" width=\"1360\" height=\"1020\" src=\"https:\/\/welcomealghero.com\/wp-content\/uploads\/2025\/01\/Agriturismo-Isidoro-alghero.jpg\" class=\"attachment-full size-full wp-image-23805\" alt=\"Agriturismo Isidoro - Agriturismo in Alghero\" srcset=\"https:\/\/welcomealghero.com\/wp-content\/uploads\/2025\/01\/Agriturismo-Isidoro-alghero.jpg 1360w, https:\/\/welcomealghero.com\/wp-content\/uploads\/2025\/01\/Agriturismo-Isidoro-alghero-300x225.jpg 300w, https:\/\/welcomealghero.com\/wp-content\/uploads\/2025\/01\/Agriturismo-Isidoro-alghero-1024x768.jpg 1024w, https:\/\/welcomealghero.com\/wp-content\/uploads\/2025\/01\/Agriturismo-Isidoro-alghero-768x576.jpg 768w, https:\/\/welcomealghero.com\/wp-content\/uploads\/2025\/01\/Agriturismo-Isidoro-alghero-500x375.jpg 500w, https:\/\/welcomealghero.com\/wp-content\/uploads\/2025\/01\/Agriturismo-Isidoro-alghero-700x525.jpg 700w\" sizes=\"(max-width: 1360px) 100vw, 1360px\" \/><\/a>\n\t\t\t\t\t<\/div>\n\t\t\n\t\t\t\n\t\t\t<div class=\"uael-post__content-wrap\">\n\t\t\t\t\t\t\t<div class=\"uael-post__terms-wrap\"><span class=\"uael-post__terms\"><span class=\"uael-listing__terms-link\">Agriturismo<\/span><\/span><\/div>\n\t\t\t\t\t\t<h3 class=\"uael-post__title\">\n\n\t\t\n\t\t\t\t\t\t<a href=\"https:\/\/welcomealghero.com\/de\/hotels\/agriturismo-isidoro-2\/\" target=\"_self\">\n\t\t\t\tAgriturismo Isidoro\t\t\t<\/a>\n\n\t\t\t\t<\/h3>\n\t\t\n\t\t<div class=\"uael-post__excerpt\">\n\t\t\t<p>Agriturismo Isidoro Agriturismo Isidoro, SS127bis, Alghero, Provinz Sassari, Italien Nur 300 Meter von einem Kieselstrand entfernt, ist der Agriturismo Isidoro nur 5 Autominuten von ...<\/p>\n\t\t<\/div>\n\n\t\t\t\t\t<a class=\"uael-post__read-more elementor-button\" href=\"https:\/\/welcomealghero.com\/de\/hotels\/agriturismo-isidoro-2\/\" target=\"_self\" aria-labelledby=\"uael-post-22821\">\n\t\t\t\t\t<span class=\"elementor-button-content-wrapper\">\n\t\t\t\t\t\t\t\t\t\t\t\t\t\t<span class=\"elementor-button-icon elementor-align-icon-left\">\n\n\t\t\t\t\t\t\t\t\t\n\t\t\t\t\t\t\t\t<\/span>\n\t\t\t\t\t\t\t\t\t\t\t\t\t\n\t\t\t\t\t\t<span class=\"elementor-button-text\" id=\"uael-post-22821\">Mehr lesen \u2192<\/span>\n\t\t\t\t\t<\/span>\n\t\t\t\t<\/a>\n\t\t\t\t\t\t<\/div>\n\t\t\t\n\t\t<\/div>\n\t\t\n\t<\/div>\n\n<\/div>\n\n<div class=\"uael-post-wrapper\">\n\t<div class=\"uael-post__bg-wrap\">\n\n\t\t\t\t\n\t\t<div class=\"uael-post__inner-wrap\">\n\n\t\t\t\t<div class=\"uael-post__thumbnail\">\n\t\t\t\n\t\t\t<a href=\"https:\/\/welcomealghero.com\/de\/hotels\/agriturismo-da-pina\/\" target=\"_self\" title=\"Agriturismo da Pina\"><img loading=\"lazy\" decoding=\"async\" width=\"1354\" height=\"1020\" src=\"https:\/\/welcomealghero.com\/wp-content\/uploads\/2025\/01\/Agriturismo-da-Pina.jpg\" class=\"attachment-full size-full wp-image-23804\" alt=\"Agriturismo da Pina - Bauernhof in Alghero\" srcset=\"https:\/\/welcomealghero.com\/wp-content\/uploads\/2025\/01\/Agriturismo-da-Pina.jpg 1354w, https:\/\/welcomealghero.com\/wp-content\/uploads\/2025\/01\/Agriturismo-da-Pina-300x226.jpg 300w, https:\/\/welcomealghero.com\/wp-content\/uploads\/2025\/01\/Agriturismo-da-Pina-1024x771.jpg 1024w, https:\/\/welcomealghero.com\/wp-content\/uploads\/2025\/01\/Agriturismo-da-Pina-768x579.jpg 768w, https:\/\/welcomealghero.com\/wp-content\/uploads\/2025\/01\/Agriturismo-da-Pina-500x377.jpg 500w, https:\/\/welcomealghero.com\/wp-content\/uploads\/2025\/01\/Agriturismo-da-Pina-700x527.jpg 700w\" sizes=\"(max-width: 1354px) 100vw, 1354px\" \/><\/a>\n\t\t\t\t\t<\/div>\n\t\t\n\t\t\t\n\t\t\t<div class=\"uael-post__content-wrap\">\n\t\t\t\t\t\t\t<div class=\"uael-post__terms-wrap\"><span class=\"uael-post__terms\"><span class=\"uael-listing__terms-link\">Agriturismo<\/span><\/span><\/div>\n\t\t\t\t\t\t<h3 class=\"uael-post__title\">\n\n\t\t\n\t\t\t\t\t\t<a href=\"https:\/\/welcomealghero.com\/de\/hotels\/agriturismo-da-pina\/\" target=\"_self\">\n\t\t\t\tAgriturismo da Pina\t\t\t<\/a>\n\n\t\t\t\t<\/h3>\n\t\t\n\t\t<div class=\"uael-post__excerpt\">\n\t\t\t<p>Agriturismo da Pina Agriturismo da Pina, Via Punta Cristallo, Alghero, Provinz Sassari, Italien Der Agriturismo da Pina liegt in Alghero und bietet Unterk\u00fcnfte mit einem Garten...<\/p>\n\t\t<\/div>\n\n\t\t\t\t\t<a class=\"uael-post__read-more elementor-button\" href=\"https:\/\/welcomealghero.com\/de\/hotels\/agriturismo-da-pina\/\" target=\"_self\" aria-labelledby=\"uael-post-22824\">\n\t\t\t\t\t<span class=\"elementor-button-content-wrapper\">\n\t\t\t\t\t\t\t\t\t\t\t\t\t\t<span class=\"elementor-button-icon elementor-align-icon-left\">\n\n\t\t\t\t\t\t\t\t\t\n\t\t\t\t\t\t\t\t<\/span>\n\t\t\t\t\t\t\t\t\t\t\t\t\t\n\t\t\t\t\t\t<span class=\"elementor-button-text\" id=\"uael-post-22824\">Mehr lesen \u2192<\/span>\n\t\t\t\t\t<\/span>\n\t\t\t\t<\/a>\n\t\t\t\t\t\t<\/div>\n\t\t\t\n\t\t<\/div>\n\t\t\n\t<\/div>\n\n<\/div>\n\t\t\t\t<\/div>\n\t\t\t\t\t\t<div class=\"uael-post-inf-loader\">\n\t\t\t\t<div class=\"uael-post-loader-1\"><\/div>\n\t\t\t\t<div class=\"uael-post-loader-2\"><\/div>\n\t\t\t\t<div class=\"uael-post-loader-3\"><\/div>\n\t\t\t<\/div>\n\t\t\t\t\t\t\n\t\t<\/div>\n\n\t\t\t\t\t\t<\/div>\n\t\t<div class=\"uael-post__footer\">\n\t\t\t\t\t<\/div>\n\t\t\t\t\t\t<\/div>\n\t\t\t\t<\/div>\n\t\t\t\t\t<\/div>\n\t\t\t\t<\/div>\n\t\t\t\t<\/div>","protected":false},"excerpt":{"rendered":"<p>Agriturismo IN ALGHERO &#8211; Farm stays Agriturismi are farm stays in the countryside, the plural form of agriturismo, offering the traveler a unique opportunity to experience real country living. Many of them are working farms or family-run estates offering lodging, locally sourced meals, and a direct connection to the land. Guests can stay in attractively [&hellip;]<\/p>\n","protected":false},"author":1,"featured_media":0,"parent":0,"menu_order":0,"comment_status":"closed","ping_status":"closed","template":"","meta":{"_acf_changed":false,"site-sidebar-layout":"no-sidebar","site-content-layout":"page-builder","ast-site-content-layout":"full-width-container","site-content-style":"default","site-sidebar-style":"default","ast-global-header-display":"","ast-banner-title-visibility":"","ast-main-header-display":"","ast-hfb-above-header-display":"","ast-hfb-below-header-display":"","ast-hfb-mobile-header-display":"","site-post-title":"disabled","ast-breadcrumbs-content":"","ast-featured-img":"disabled","footer-sml-layout":"","ast-disable-related-posts":"","theme-transparent-header-meta":"","adv-header-id-meta":"","stick-header-meta":"","header-above-stick-meta":"","header-main-stick-meta":"","header-below-stick-meta":"","astra-migrate-meta-layouts":"default","ast-page-background-enabled":"default","ast-page-background-meta":{"desktop":{"background-color":"","background-image":"","background-repeat":"repeat","background-position":"center center","background-size":"auto","background-attachment":"scroll","background-type":"","background-media":"","overlay-type":"","overlay-color":"","overlay-opacity":"","overlay-gradient":""},"tablet":{"background-color":"","background-image":"","background-repeat":"repeat","background-position":"center center","background-size":"auto","background-attachment":"scroll","background-type":"","background-media":"","overlay-type":"","overlay-color":"","overlay-opacity":"","overlay-gradient":""},"mobile":{"background-color":"","background-image":"","background-repeat":"repeat","background-position":"center center","background-size":"auto","background-attachment":"scroll","background-type":"","background-media":"","overlay-type":"","overlay-color":"","overlay-opacity":"","overlay-gradient":""}},"ast-content-background-meta":{"desktop":{"background-color":"var(--ast-global-color-5)","background-image":"","background-repeat":"repeat","background-position":"center center","background-size":"auto","background-attachment":"scroll","background-type":"","background-media":"","overlay-type":"","overlay-color":"","overlay-opacity":"","overlay-gradient":""},"tablet":{"background-color":"var(--ast-global-color-5)","background-image":"","background-repeat":"repeat","background-position":"center center","background-size":"auto","background-attachment":"scroll","background-type":"","background-media":"","overlay-type":"","overlay-color":"","overlay-opacity":"","overlay-gradient":""},"mobile":{"background-color":"var(--ast-global-color-5)","background-image":"","background-repeat":"repeat","background-position":"center center","background-size":"auto","background-attachment":"scroll","background-type":"","background-media":"","overlay-type":"","overlay-color":"","overlay-opacity":"","overlay-gradient":""}},"iawp_total_views":254,"footnotes":""},"class_list":["post-23810","page","type-page","status-publish","hentry"],"acf":[],"_links":{"self":[{"href":"https:\/\/welcomealghero.com\/de\/wp-json\/wp\/v2\/pages\/23810","targetHints":{"allow":["GET"]}}],"collection":[{"href":"https:\/\/welcomealghero.com\/de\/wp-json\/wp\/v2\/pages"}],"about":[{"href":"https:\/\/welcomealghero.com\/de\/wp-json\/wp\/v2\/types\/page"}],"author":[{"embeddable":true,"href":"https:\/\/welcomealghero.com\/de\/wp-json\/wp\/v2\/users\/1"}],"replies":[{"embeddable":true,"href":"https:\/\/welcomealghero.com\/de\/wp-json\/wp\/v2\/comments?post=23810"}],"version-history":[{"count":0,"href":"https:\/\/welcomealghero.com\/de\/wp-json\/wp\/v2\/pages\/23810\/revisions"}],"wp:attachment":[{"href":"https:\/\/welcomealghero.com\/de\/wp-json\/wp\/v2\/media?parent=23810"}],"curies":[{"name":"wp","href":"https:\/\/api.w.org\/{rel}","templated":true}]}}