{"id":24373,"date":"2025-07-04T11:44:03","date_gmt":"2025-07-04T11:44:03","guid":{"rendered":"https:\/\/welcomealghero.com\/?post_type=product&#038;p=24373"},"modified":"2025-07-04T11:44:04","modified_gmt":"2025-07-04T11:44:04","slug":"enjoy-alghero-active-t-shirt","status":"publish","type":"product","link":"https:\/\/welcomealghero.com\/de\/produkt\/alghero-active-t-shirt-geniesen\/","title":{"rendered":"Alghero Aktiv T-Shirt genie\u00dfen"},"content":{"rendered":"<ul class=\"styles_list__7e0826d8 styles_bulleted__7e0826d8\">\n<li class=\"styles_listItem__7e0826d8\"><span class=\"styles_box__54ba70e3 styles_text__5c7a80ef styles_body__5c7a80ef\" data-testid=\"ds-box\">Leichtes, atmungsaktives Performance-T-Shirt f\u00fcr das Fitnessstudio, den Trail oder wo auch immer<\/span><\/li>\n<li class=\"styles_listItem__7e0826d8\"><span class=\"styles_box__54ba70e3 styles_text__5c7a80ef styles_body__5c7a80ef\" data-testid=\"ds-box\">D\u00fcnner, leichter Stoff<\/span><\/li>\n<li class=\"styles_listItem__7e0826d8\"><span class=\"styles_box__54ba70e3 styles_text__5c7a80ef styles_body__5c7a80ef\" data-testid=\"ds-box\">Bequeme Passform mit sportfreundlichem Stretch<\/span><\/li>\n<li class=\"styles_listItem__7e0826d8\"><span class=\"styles_box__54ba70e3 styles_text__5c7a80ef styles_body__5c7a80ef\" data-testid=\"ds-box\">Abgebildetes m\u00e4nnliches Model ist 6'3\u2033 \/ 190.5 cm gro\u00df und tr\u00e4gt Gr\u00f6\u00dfe Medium<\/span><\/li>\n<li class=\"styles_listItem__7e0826d8\"><span class=\"styles_box__54ba70e3 styles_text__5c7a80ef styles_body__5c7a80ef\" data-testid=\"ds-box\">Abgebildetes weibliches Model ist 180 cm gro\u00df und tr\u00e4gt Gr\u00f6\u00dfe Small<\/span><\/li>\n<li class=\"styles_listItem__7e0826d8\"><span class=\"styles_box__54ba70e3 styles_text__5c7a80ef styles_body__5c7a80ef\" data-testid=\"ds-box\">Waschanleitung: Hand- oder Maschinenw\u00e4sche kalt. Nicht chemisch reinigen, bleichen, im Trockner trocknen oder b\u00fcgeln auf den Druck<\/span><\/li>\n<li class=\"styles_listItem__7e0826d8\"><span class=\"styles_box__54ba70e3 styles_text__5c7a80ef styles_body__5c7a80ef\" data-testid=\"ds-box\">Der Drittanbieter-Drucker dieses Produkts wird nach den Standards der Internationalen Arbeitsorganisation (ILO) bewertet.<\/span><\/li>\n<li class=\"styles_listItem__7e0826d8\"><span class=\"styles_box__54ba70e3 styles_text__5c7a80ef styles_body__5c7a80ef\" data-testid=\"ds-box\">Da jeder Artikel nur f\u00fcr Sie von Ihrem lokalen Drittanbieter hergestellt wird, kann es zu leichten Abweichungen bei dem erhaltenen Produkt kommen.<\/span><\/li>\n<\/ul>","protected":false},"excerpt":{"rendered":"<ul class=\"styles_list__7e0826d8 styles_bulleted__7e0826d8\">\n<li class=\"styles_listItem__7e0826d8\"><span class=\"styles_box__54ba70e3 styles_text__5c7a80ef styles_body__5c7a80ef\" data-testid=\"ds-box\">Leichtes, atmungsaktives Performance-T-Shirt f\u00fcr das Fitnessstudio, den Trail oder wo auch immer<\/span><\/li>\n<li class=\"styles_listItem__7e0826d8\"><span class=\"styles_box__54ba70e3 styles_text__5c7a80ef styles_body__5c7a80ef\" data-testid=\"ds-box\">D\u00fcnner, leichter Stoff<\/span><\/li>\n<li class=\"styles_listItem__7e0826d8\"><span class=\"styles_box__54ba70e3 styles_text__5c7a80ef styles_body__5c7a80ef\" data-testid=\"ds-box\">Bequeme Passform mit sportfreundlichem Stretch<\/span><\/li>\n<li class=\"styles_listItem__7e0826d8\"><span class=\"styles_box__54ba70e3 styles_text__5c7a80ef styles_body__5c7a80ef\" data-testid=\"ds-box\">Abgebildetes m\u00e4nnliches Model ist 6'3\u2033 \/ 190.5 cm gro\u00df und tr\u00e4gt Gr\u00f6\u00dfe Medium<\/span><\/li>\n<li class=\"styles_listItem__7e0826d8\"><span class=\"styles_box__54ba70e3 styles_text__5c7a80ef styles_body__5c7a80ef\" data-testid=\"ds-box\">Abgebildetes weibliches Model ist 180 cm gro\u00df und tr\u00e4gt Gr\u00f6\u00dfe Small<\/span><\/li>\n<li class=\"styles_listItem__7e0826d8\"><span class=\"styles_box__54ba70e3 styles_text__5c7a80ef styles_body__5c7a80ef\" data-testid=\"ds-box\">Waschanleitung: Hand- oder Maschinenw\u00e4sche kalt. Nicht chemisch reinigen, bleichen, im Trockner trocknen oder b\u00fcgeln auf den Druck<\/span><\/li>\n<li class=\"styles_listItem__7e0826d8\"><span class=\"styles_box__54ba70e3 styles_text__5c7a80ef styles_body__5c7a80ef\" data-testid=\"ds-box\">Der Drittanbieter-Drucker dieses Produkts wird nach den Standards der Internationalen Arbeitsorganisation (ILO) bewertet.<\/span><\/li>\n<li class=\"styles_listItem__7e0826d8\"><span class=\"styles_box__54ba70e3 styles_text__5c7a80ef styles_body__5c7a80ef\" data-testid=\"ds-box\">Da jeder Artikel nur f\u00fcr Sie von Ihrem lokalen Drittanbieter hergestellt wird, kann es zu leichten Abweichungen bei dem erhaltenen Produkt kommen.<\/span><\/li>\n<\/ul>","protected":false},"featured_media":24374,"comment_status":"open","ping_status":"closed","template":"","meta":{"_acf_changed":false,"site-sidebar-layout":"default","site-content-layout":"","ast-site-content-layout":"default","site-content-style":"default","site-sidebar-style":"default","ast-global-header-display":"","ast-banner-title-visibility":"","ast-main-header-display":"","ast-hfb-above-header-display":"","ast-hfb-below-header-display":"","ast-hfb-mobile-header-display":"","site-post-title":"","ast-breadcrumbs-content":"","ast-featured-img":"","footer-sml-layout":"","ast-disable-related-posts":"","theme-transparent-header-meta":"default","adv-header-id-meta":"","stick-header-meta":"","header-above-stick-meta":"","header-main-stick-meta":"","header-below-stick-meta":"","astra-migrate-meta-layouts":"set","ast-page-background-enabled":"default","ast-page-background-meta":{"desktop":{"background-color":"","background-image":"","background-repeat":"repeat","background-position":"center center","background-size":"auto","background-attachment":"scroll","background-type":"","background-media":"","overlay-type":"","overlay-color":"","overlay-opacity":"","overlay-gradient":""},"tablet":{"background-color":"","background-image":"","background-repeat":"repeat","background-position":"center center","background-size":"auto","background-attachment":"scroll","background-type":"","background-media":"","overlay-type":"","overlay-color":"","overlay-opacity":"","overlay-gradient":""},"mobile":{"background-color":"","background-image":"","background-repeat":"repeat","background-position":"center center","background-size":"auto","background-attachment":"scroll","background-type":"","background-media":"","overlay-type":"","overlay-color":"","overlay-opacity":"","overlay-gradient":""}},"ast-content-background-meta":{"desktop":{"background-color":"var(--ast-global-color-5)","background-image":"","background-repeat":"repeat","background-position":"center center","background-size":"auto","background-attachment":"scroll","background-type":"","background-media":"","overlay-type":"","overlay-color":"","overlay-opacity":"","overlay-gradient":""},"tablet":{"background-color":"var(--ast-global-color-5)","background-image":"","background-repeat":"repeat","background-position":"center center","background-size":"auto","background-attachment":"scroll","background-type":"","background-media":"","overlay-type":"","overlay-color":"","overlay-opacity":"","overlay-gradient":""},"mobile":{"background-color":"var(--ast-global-color-5)","background-image":"","background-repeat":"repeat","background-position":"center center","background-size":"auto","background-attachment":"scroll","background-type":"","background-media":"","overlay-type":"","overlay-color":"","overlay-opacity":"","overlay-gradient":""}},"iawp_total_views":9},"product_brand":[],"product_cat":[212],"product_tag":[],"class_list":{"0":"post-24373","1":"product","2":"type-product","3":"status-publish","4":"has-post-thumbnail","6":"product_cat-t-shirts","7":"desktop-align-left","8":"tablet-align-left","9":"mobile-align-left","11":"first","12":"instock","13":"shipping-taxable","14":"product-type-external"},"acf":[],"_links":{"self":[{"href":"https:\/\/welcomealghero.com\/de\/wp-json\/wp\/v2\/product\/24373","targetHints":{"allow":["GET"]}}],"collection":[{"href":"https:\/\/welcomealghero.com\/de\/wp-json\/wp\/v2\/product"}],"about":[{"href":"https:\/\/welcomealghero.com\/de\/wp-json\/wp\/v2\/types\/product"}],"replies":[{"embeddable":true,"href":"https:\/\/welcomealghero.com\/de\/wp-json\/wp\/v2\/comments?post=24373"}],"wp:featuredmedia":[{"embeddable":true,"href":"https:\/\/welcomealghero.com\/de\/wp-json\/wp\/v2\/media\/24374"}],"wp:attachment":[{"href":"https:\/\/welcomealghero.com\/de\/wp-json\/wp\/v2\/media?parent=24373"}],"wp:term":[{"taxonomy":"product_brand","embeddable":true,"href":"https:\/\/welcomealghero.com\/de\/wp-json\/wp\/v2\/product_brand?post=24373"},{"taxonomy":"product_cat","embeddable":true,"href":"https:\/\/welcomealghero.com\/de\/wp-json\/wp\/v2\/product_cat?post=24373"},{"taxonomy":"product_tag","embeddable":true,"href":"https:\/\/welcomealghero.com\/de\/wp-json\/wp\/v2\/product_tag?post=24373"}],"curies":[{"name":"wp","href":"https:\/\/api.w.org\/{rel}","templated":true}]}}