{"id":23810,"date":"2025-01-28T12:51:12","date_gmt":"2025-01-28T12:51:12","guid":{"rendered":"https:\/\/welcomealghero.com\/?page_id=23810"},"modified":"2025-01-28T12:54:50","modified_gmt":"2025-01-28T12:54:50","slug":"agriturismo-in-alghero","status":"publish","type":"page","link":"https:\/\/welcomealghero.com\/es\/agriturismo-in-alghero\/","title":{"rendered":"Agriturismo en Alghero"},"content":{"rendered":"<div data-elementor-type=\"wp-page\" data-elementor-id=\"23810\" class=\"elementor elementor-23810\" data-elementor-post-type=\"page\">\n\t\t\t\t<div class=\"elementor-element elementor-element-7eddb88 e-flex e-con-boxed e-con e-parent\" data-id=\"7eddb88\" data-element_type=\"container\" data-e-type=\"container\" data-settings=\"{&quot;background_background&quot;:&quot;classic&quot;}\">\n\t\t\t\t\t<div class=\"e-con-inner\">\n\t\t\t\t<div class=\"elementor-element elementor-element-676bea7 elementor-widget elementor-widget-text-editor\" data-id=\"676bea7\" data-element_type=\"widget\" data-e-type=\"widget\" data-widget_type=\"text-editor.default\">\n\t\t\t\t<div class=\"elementor-widget-container\">\n\t\t\t\t\t\t\t\t\t<h1><strong><span style=\"color: #ffffff;\">Agriturismo IN ALGHERO - Estancias en granjas,Agriturismi son estancias en granjas en el campo, la forma plural de agriturismo, que ofrecen al viajero una oportunidad \u00fanica de experimentar la verdadera vida en el campo. Muchos de ellos son granjas en funcionamiento o fincas familiares que ofrecen alojamiento, comidas de origen local y una conexi\u00f3n directa con la tierra. Los hu\u00e9spedes pueden alojarse en casas de labranza atractivamente renovadas, disfrutar de productos frescos, aceite de oliva y vino casero, y a veces participar en actividades como clases de cocina, catas de vino o recolecci\u00f3n de cosechas de temporada. Los agriturismi est\u00e1n dise\u00f1ados para fomentar el turismo sostenible y ofrecer a los visitantes una muestra de las tradiciones agr\u00edcolas y la cultura rural de Italia.,Alojarse en un agriturismo es una experiencia tranquila y envolvente imposible de encontrar en cualquier hotel corriente. Los hu\u00e9spedes de los agriturismi pueden disfrutar del campo en toda su paz, de comidas de la granja a la mesa y de la aut\u00e9ntica hospitalidad de sus anfitriones locales. Por lo general, los agriturismi ofrecen una mejor relaci\u00f3n calidad-precio que los hoteles normales y, si se incluyen comidas o actividades, el valor aumenta. Son igualmente adecuados para los viajeros que desean unas vacaciones m\u00e1s verdes y relajadas, lejos de la concentraci\u00f3n de turistas de los llamados destinos tur\u00edsticos. Tanto si busca una escapada rom\u00e1ntica, un retiro familiar o la oportunidad de conectar con la naturaleza, un agriturismo ofrece una mezcla perfecta de relax, cultura y aventura..,Agriturismo,Agriturismo Agave Agriturismo Agave Alghero, Strada Vicinale Gutierrez, Alghero, Provincia de Sassari, Italia Este agroturismo suburbano ofrece desayuno gratuito y una piscina al aire libre de temporada ...,Agriturismo Baratz,Agriturismo Baratz Agriturismo Baratz, Strada Vicinale Baratz Monte Pedrosu, Alghero, Provincia de Sassari, Italia Agroturismo en Sassari con aparcamiento gratuito. Este agroturismo para no fumadores ...,Agriturismo Barbagia Agriturismo Barbagia dei F. lli Pirisi, Regione Fighera, Alghero, Provincia de Sassari, Italia El Agriturismo Barbagia se encuentra en Alghero, a poca distancia en coche ...,Agriturismo I Vigneti,Agriturismo I Vigneti Agriturismo I Vigneti, Strada Santa Caterina, Olmedo, Provincia de Sassari, Italia Casa rural situada en Olmedo que ofrece una bodega y ...,Agriturismo Isidoro,Agriturismo Isidoro Agriturismo Isidoro, SS127bis, Alghero, Provincia de Sassari, Italia El Agriturismo Isidoro se encuentra a solo 300 metros de una playa de guijarros, a solo 5 minutos en coche ...,Agriturismo da Pina El Agriturismo Da Pina, Via Punta Cristallo, Alghero, Provincia de Sassari, Italia El Agriturismo da Pina, situado en Alghero, ofrece alojamiento con jard\u00edn ...,Agriturismo Agave,Agriturismo Baratz,Agriturismo Barbagia,Agriturismo I Vigneti,Agriturismo Isidoro,Agriturismo da Pina,Agriturismo Isidoro - Agriturismo en Alghero<\/span><\/strong><\/h1><p><strong>Agriturismi are farm stays in the countryside, the plural form of agriturismo, offering the traveler a unique opportunity to experience real country living. Many of them are working farms or family-run estates offering lodging, locally sourced meals, and a direct connection to the land. Guests can stay in attractively renovated farmhouses, enjoy fresh produce, olive oil, and homemade wine, and sometimes participate in activities such as cooking classes, wine tastings, or harvesting seasonal crops. Agriturismi are designed to foster sustainable tourism and give visitors a taste of Italy\u2019s agricultural traditions and rural culture.<\/strong><\/p><p>Staying in an agriturismo is a quiet and immersive experience that is impossible to find in any ordinary hotel. Agriturismi guests can enjoy the countryside in all its peace, farm-to-table meals, and real hospitality from their local hosts. Generally, agriturismi represent better value than regular hotels and, when meals or activities are included, value rises. They are equally suitable for travellers who want a greener, more relaxed holiday far from the concentration of tourists in the so-called tourist destinations. Whether you\u2019re looking for a romantic escape, a family-friendly retreat, or a chance to connect with nature, an agriturismo offers a perfect blend of relaxation, culture, and adventure.<\/p>\t\t\t\t\t\t\t\t<\/div>\n\t\t\t\t<\/div>\n\t\t\t\t\t<\/div>\n\t\t\t\t<\/div>\n\t\t<div class=\"elementor-element elementor-element-0239ef2 e-flex e-con-boxed e-con e-parent\" data-id=\"0239ef2\" data-element_type=\"container\" data-e-type=\"container\">\n\t\t\t\t\t<div class=\"e-con-inner\">\n\t\t\t\t<div class=\"elementor-element elementor-element-dd44189 elementor-widget elementor-widget-uael-posts\" data-id=\"dd44189\" data-element_type=\"widget\" data-e-type=\"widget\" data-settings=\"{&quot;classic_slides_to_show&quot;:3,&quot;classic_slides_to_show_tablet&quot;:2,&quot;classic_slides_to_show_mobile&quot;:1}\" data-widget_type=\"uael-posts.classic\">\n\t\t\t\t<div class=\"elementor-widget-container\">\n\t\t\t\t\t\t\t<div class=\"uael-post__header\">\n\t\t\t\t\t<\/div>\n\t\t<div class=\"uael-post__body\">\n\t\t\t\n\t\t\n\t\t<div class=\"uael-blog-terms-position-above_content uael-post-image-top uael-post-grid uael-posts\" data-query-type=\"custom\" data-structure=\"normal\" data-layout=\"\" data-page=\"23810\" data-skin=\"classic\" data-filter-default=\"\" data-offset-top=\"30\" >\n\n\t\t\t\t\t\t\t<div class=\"uael-post-grid__inner uael-post__columns-3 uael-post__columns-tablet-2 uael-post__columns-mobile-1 uael-post-infinite-scroll uael-post-infinite__event-click\">\n\t\t\t\n<div class=\"uael-post-wrapper\">\n\t<div class=\"uael-post__bg-wrap\">\n\n\t\t\t\t\n\t\t<div class=\"uael-post__inner-wrap\">\n\n\t\t\t\t<div class=\"uael-post__thumbnail\">\n\t\t\t\n\t\t\t<a href=\"https:\/\/welcomealghero.com\/es\/hotels\/agriturismo-agave\/\" target=\"_self\" title=\"Agriturismo Agave\"><img fetchpriority=\"high\" decoding=\"async\" width=\"1200\" height=\"630\" src=\"https:\/\/welcomealghero.com\/wp-content\/uploads\/2025\/01\/expedia_group-455867-890690-771345.jpg\" class=\"attachment-full size-full wp-image-22776\" alt=\"\" srcset=\"https:\/\/welcomealghero.com\/wp-content\/uploads\/2025\/01\/expedia_group-455867-890690-771345.jpg 1200w, https:\/\/welcomealghero.com\/wp-content\/uploads\/2025\/01\/expedia_group-455867-890690-771345-300x158.jpg 300w, https:\/\/welcomealghero.com\/wp-content\/uploads\/2025\/01\/expedia_group-455867-890690-771345-1024x538.jpg 1024w, https:\/\/welcomealghero.com\/wp-content\/uploads\/2025\/01\/expedia_group-455867-890690-771345-768x403.jpg 768w, https:\/\/welcomealghero.com\/wp-content\/uploads\/2025\/01\/expedia_group-455867-890690-771345-500x263.jpg 500w, https:\/\/welcomealghero.com\/wp-content\/uploads\/2025\/01\/expedia_group-455867-890690-771345-700x368.jpg 700w\" sizes=\"(max-width: 1200px) 100vw, 1200px\" \/><\/a>\n\t\t\t\t\t<\/div>\n\t\t\n\t\t\t\n\t\t\t<div class=\"uael-post__content-wrap\">\n\t\t\t\t\t\t\t<div class=\"uael-post__terms-wrap\"><span class=\"uael-post__terms\"><span class=\"uael-listing__terms-link\">Agriturismo<\/span><\/span><\/div>\n\t\t\t\t\t\t<h3 class=\"uael-post__title\">\n\n\t\t\n\t\t\t\t\t\t<a href=\"https:\/\/welcomealghero.com\/es\/hotels\/agriturismo-agave\/\" target=\"_self\">\n\t\t\t\tAgriturismo Agave\t\t\t<\/a>\n\n\t\t\t\t<\/h3>\n\t\t\n\t\t<div class=\"uael-post__excerpt\">\n\t\t\t<p>Agriturismo Agave Agriturismo Agave Alghero, Strada Vicinale Gutierrez, Alghero, Province of Sassari, Italy This suburban farm stay features complimentary breakfast and a seasonal outdoor swimming \u2026<\/p>\n\t\t<\/div>\n\n\t\t\t\t\t<a class=\"uael-post__read-more elementor-button\" href=\"https:\/\/welcomealghero.com\/es\/hotels\/agriturismo-agave\/\" target=\"_self\" aria-labelledby=\"uael-post-22808\">\n\t\t\t\t\t<span class=\"elementor-button-content-wrapper\">\n\t\t\t\t\t\t\t\t\t\t\t\t\t\t<span class=\"elementor-button-icon elementor-align-icon-left\">\n\n\t\t\t\t\t\t\t\t\t\n\t\t\t\t\t\t\t\t<\/span>\n\t\t\t\t\t\t\t\t\t\t\t\t\t\n\t\t\t\t\t\t<span class=\"elementor-button-text\" id=\"uael-post-22808\">Leer m\u00e1s \u2192<\/span>\n\t\t\t\t\t<\/span>\n\t\t\t\t<\/a>\n\t\t\t\t\t\t<\/div>\n\t\t\t\n\t\t<\/div>\n\t\t\n\t<\/div>\n\n<\/div>\n\n<div class=\"uael-post-wrapper\">\n\t<div class=\"uael-post__bg-wrap\">\n\n\t\t\t\t\n\t\t<div class=\"uael-post__inner-wrap\">\n\n\t\t\t\t<div class=\"uael-post__thumbnail\">\n\t\t\t\n\t\t\t<a href=\"https:\/\/welcomealghero.com\/es\/hotels\/agriturismo-baratz-2\/\" target=\"_self\" title=\"Agriturismo Baratz\"><img decoding=\"async\" width=\"1200\" height=\"630\" src=\"https:\/\/welcomealghero.com\/wp-content\/uploads\/2025\/01\/expedia_group-355694-a3e123-261541.jpg\" class=\"attachment-full size-full wp-image-22778\" alt=\"\" srcset=\"https:\/\/welcomealghero.com\/wp-content\/uploads\/2025\/01\/expedia_group-355694-a3e123-261541.jpg 1200w, https:\/\/welcomealghero.com\/wp-content\/uploads\/2025\/01\/expedia_group-355694-a3e123-261541-300x158.jpg 300w, https:\/\/welcomealghero.com\/wp-content\/uploads\/2025\/01\/expedia_group-355694-a3e123-261541-1024x538.jpg 1024w, https:\/\/welcomealghero.com\/wp-content\/uploads\/2025\/01\/expedia_group-355694-a3e123-261541-768x403.jpg 768w, https:\/\/welcomealghero.com\/wp-content\/uploads\/2025\/01\/expedia_group-355694-a3e123-261541-500x263.jpg 500w, https:\/\/welcomealghero.com\/wp-content\/uploads\/2025\/01\/expedia_group-355694-a3e123-261541-700x368.jpg 700w\" sizes=\"(max-width: 1200px) 100vw, 1200px\" \/><\/a>\n\t\t\t\t\t<\/div>\n\t\t\n\t\t\t\n\t\t\t<div class=\"uael-post__content-wrap\">\n\t\t\t\t\t\t\t<div class=\"uael-post__terms-wrap\"><span class=\"uael-post__terms\"><span class=\"uael-listing__terms-link\">Agriturismo<\/span><\/span><\/div>\n\t\t\t\t\t\t<h3 class=\"uael-post__title\">\n\n\t\t\n\t\t\t\t\t\t<a href=\"https:\/\/welcomealghero.com\/es\/hotels\/agriturismo-baratz-2\/\" target=\"_self\">\n\t\t\t\tAgriturismo Baratz\t\t\t<\/a>\n\n\t\t\t\t<\/h3>\n\t\t\n\t\t<div class=\"uael-post__excerpt\">\n\t\t\t<p>Agriturismo Baratz Agriturismo Baratz, Strada Vicinale Baratz Monte Pedrosu, Alghero, Province of Sassari, Italy Farm accommodation in Sassari with complimentary parking. This non-smoking farm stay \u2026<\/p>\n\t\t<\/div>\n\n\t\t\t\t\t<a class=\"uael-post__read-more elementor-button\" href=\"https:\/\/welcomealghero.com\/es\/hotels\/agriturismo-baratz-2\/\" target=\"_self\" aria-labelledby=\"uael-post-22809\">\n\t\t\t\t\t<span class=\"elementor-button-content-wrapper\">\n\t\t\t\t\t\t\t\t\t\t\t\t\t\t<span class=\"elementor-button-icon elementor-align-icon-left\">\n\n\t\t\t\t\t\t\t\t\t\n\t\t\t\t\t\t\t\t<\/span>\n\t\t\t\t\t\t\t\t\t\t\t\t\t\n\t\t\t\t\t\t<span class=\"elementor-button-text\" id=\"uael-post-22809\">Leer m\u00e1s \u2192<\/span>\n\t\t\t\t\t<\/span>\n\t\t\t\t<\/a>\n\t\t\t\t\t\t<\/div>\n\t\t\t\n\t\t<\/div>\n\t\t\n\t<\/div>\n\n<\/div>\n\n<div class=\"uael-post-wrapper\">\n\t<div class=\"uael-post__bg-wrap\">\n\n\t\t\t\t\n\t\t<div class=\"uael-post__inner-wrap\">\n\n\t\t\t\t<div class=\"uael-post__thumbnail\">\n\t\t\t\n\t\t\t<a href=\"https:\/\/welcomealghero.com\/es\/hotels\/agriturismo-barbagia\/\" target=\"_self\" title=\"Agriturismo Barbagia\"><img decoding=\"async\" width=\"1360\" height=\"1020\" src=\"https:\/\/welcomealghero.com\/wp-content\/uploads\/2025\/01\/Agriturismo-Barbagia-Alghero.jpg\" class=\"attachment-full size-full wp-image-23806\" alt=\"Agriturismo Barbagia alghero - Agriturismo en Alghero\" srcset=\"https:\/\/welcomealghero.com\/wp-content\/uploads\/2025\/01\/Agriturismo-Barbagia-Alghero.jpg 1360w, https:\/\/welcomealghero.com\/wp-content\/uploads\/2025\/01\/Agriturismo-Barbagia-Alghero-300x225.jpg 300w, https:\/\/welcomealghero.com\/wp-content\/uploads\/2025\/01\/Agriturismo-Barbagia-Alghero-1024x768.jpg 1024w, https:\/\/welcomealghero.com\/wp-content\/uploads\/2025\/01\/Agriturismo-Barbagia-Alghero-768x576.jpg 768w, https:\/\/welcomealghero.com\/wp-content\/uploads\/2025\/01\/Agriturismo-Barbagia-Alghero-500x375.jpg 500w, https:\/\/welcomealghero.com\/wp-content\/uploads\/2025\/01\/Agriturismo-Barbagia-Alghero-700x525.jpg 700w\" sizes=\"(max-width: 1360px) 100vw, 1360px\" \/><\/a>\n\t\t\t\t\t<\/div>\n\t\t\n\t\t\t\n\t\t\t<div class=\"uael-post__content-wrap\">\n\t\t\t\t\t\t\t<div class=\"uael-post__terms-wrap\"><span class=\"uael-post__terms\"><span class=\"uael-listing__terms-link\">Agriturismo<\/span><\/span><\/div>\n\t\t\t\t\t\t<h3 class=\"uael-post__title\">\n\n\t\t\n\t\t\t\t\t\t<a href=\"https:\/\/welcomealghero.com\/es\/hotels\/agriturismo-barbagia\/\" target=\"_self\">\n\t\t\t\tAgriturismo Barbagia\t\t\t<\/a>\n\n\t\t\t\t<\/h3>\n\t\t\n\t\t<div class=\"uael-post__excerpt\">\n\t\t\t<p>Agriturismo Barbagia Agriturismo Barbagia dei F. lli Pirisi, Regione Fighera, Alghero, Province of Sassari, Italy Located in Alghero, Agriturismo Barbagia is conveniently a brief drive \u2026<\/p>\n\t\t<\/div>\n\n\t\t\t\t\t<a class=\"uael-post__read-more elementor-button\" href=\"https:\/\/welcomealghero.com\/es\/hotels\/agriturismo-barbagia\/\" target=\"_self\" aria-labelledby=\"uael-post-22818\">\n\t\t\t\t\t<span class=\"elementor-button-content-wrapper\">\n\t\t\t\t\t\t\t\t\t\t\t\t\t\t<span class=\"elementor-button-icon elementor-align-icon-left\">\n\n\t\t\t\t\t\t\t\t\t\n\t\t\t\t\t\t\t\t<\/span>\n\t\t\t\t\t\t\t\t\t\t\t\t\t\n\t\t\t\t\t\t<span class=\"elementor-button-text\" id=\"uael-post-22818\">Leer m\u00e1s \u2192<\/span>\n\t\t\t\t\t<\/span>\n\t\t\t\t<\/a>\n\t\t\t\t\t\t<\/div>\n\t\t\t\n\t\t<\/div>\n\t\t\n\t<\/div>\n\n<\/div>\n\n<div class=\"uael-post-wrapper\">\n\t<div class=\"uael-post__bg-wrap\">\n\n\t\t\t\t\n\t\t<div class=\"uael-post__inner-wrap\">\n\n\t\t\t\t<div class=\"uael-post__thumbnail\">\n\t\t\t\n\t\t\t<a href=\"https:\/\/welcomealghero.com\/es\/hotels\/agriturismo-i-vigneti-2\/\" target=\"_self\" title=\"Agriturismo I Vigneti\"><img loading=\"lazy\" decoding=\"async\" width=\"1200\" height=\"630\" src=\"https:\/\/welcomealghero.com\/wp-content\/uploads\/2025\/01\/expedia_group-238203-1f871e54-989719.jpg\" class=\"attachment-full size-full wp-image-22800\" alt=\"\" srcset=\"https:\/\/welcomealghero.com\/wp-content\/uploads\/2025\/01\/expedia_group-238203-1f871e54-989719.jpg 1200w, https:\/\/welcomealghero.com\/wp-content\/uploads\/2025\/01\/expedia_group-238203-1f871e54-989719-300x158.jpg 300w, https:\/\/welcomealghero.com\/wp-content\/uploads\/2025\/01\/expedia_group-238203-1f871e54-989719-1024x538.jpg 1024w, https:\/\/welcomealghero.com\/wp-content\/uploads\/2025\/01\/expedia_group-238203-1f871e54-989719-768x403.jpg 768w, https:\/\/welcomealghero.com\/wp-content\/uploads\/2025\/01\/expedia_group-238203-1f871e54-989719-500x263.jpg 500w, https:\/\/welcomealghero.com\/wp-content\/uploads\/2025\/01\/expedia_group-238203-1f871e54-989719-700x368.jpg 700w\" sizes=\"(max-width: 1200px) 100vw, 1200px\" \/><\/a>\n\t\t\t\t\t<\/div>\n\t\t\n\t\t\t\n\t\t\t<div class=\"uael-post__content-wrap\">\n\t\t\t\t\t\t\t<div class=\"uael-post__terms-wrap\"><span class=\"uael-post__terms\"><span class=\"uael-listing__terms-link\">Agriturismo<\/span><\/span><\/div>\n\t\t\t\t\t\t<h3 class=\"uael-post__title\">\n\n\t\t\n\t\t\t\t\t\t<a href=\"https:\/\/welcomealghero.com\/es\/hotels\/agriturismo-i-vigneti-2\/\" target=\"_self\">\n\t\t\t\tAgriturismo I Vigneti\t\t\t<\/a>\n\n\t\t\t\t<\/h3>\n\t\t\n\t\t<div class=\"uael-post__excerpt\">\n\t\t\t<p>Agriturismo I Vigneti Agriturismo I Vigneti, Strada Santa Caterina, Olmedo, Province of Sassari, Italy Farm accommodation in Olmedo featuring a winery and a seasonal outdoor \u2026<\/p>\n\t\t<\/div>\n\n\t\t\t\t\t<a class=\"uael-post__read-more elementor-button\" href=\"https:\/\/welcomealghero.com\/es\/hotels\/agriturismo-i-vigneti-2\/\" target=\"_self\" aria-labelledby=\"uael-post-22819\">\n\t\t\t\t\t<span class=\"elementor-button-content-wrapper\">\n\t\t\t\t\t\t\t\t\t\t\t\t\t\t<span class=\"elementor-button-icon elementor-align-icon-left\">\n\n\t\t\t\t\t\t\t\t\t\n\t\t\t\t\t\t\t\t<\/span>\n\t\t\t\t\t\t\t\t\t\t\t\t\t\n\t\t\t\t\t\t<span class=\"elementor-button-text\" id=\"uael-post-22819\">Leer m\u00e1s \u2192<\/span>\n\t\t\t\t\t<\/span>\n\t\t\t\t<\/a>\n\t\t\t\t\t\t<\/div>\n\t\t\t\n\t\t<\/div>\n\t\t\n\t<\/div>\n\n<\/div>\n\n<div class=\"uael-post-wrapper\">\n\t<div class=\"uael-post__bg-wrap\">\n\n\t\t\t\t\n\t\t<div class=\"uael-post__inner-wrap\">\n\n\t\t\t\t<div class=\"uael-post__thumbnail\">\n\t\t\t\n\t\t\t<a href=\"https:\/\/welcomealghero.com\/es\/hotels\/agriturismo-isidoro-2\/\" target=\"_self\" title=\"Agriturismo Isidoro\"><img loading=\"lazy\" decoding=\"async\" width=\"1360\" height=\"1020\" src=\"https:\/\/welcomealghero.com\/wp-content\/uploads\/2025\/01\/Agriturismo-Isidoro-alghero.jpg\" class=\"attachment-full size-full wp-image-23805\" alt=\"Agriturismo Isidoro - Agriturismo in Alghero\" srcset=\"https:\/\/welcomealghero.com\/wp-content\/uploads\/2025\/01\/Agriturismo-Isidoro-alghero.jpg 1360w, https:\/\/welcomealghero.com\/wp-content\/uploads\/2025\/01\/Agriturismo-Isidoro-alghero-300x225.jpg 300w, https:\/\/welcomealghero.com\/wp-content\/uploads\/2025\/01\/Agriturismo-Isidoro-alghero-1024x768.jpg 1024w, https:\/\/welcomealghero.com\/wp-content\/uploads\/2025\/01\/Agriturismo-Isidoro-alghero-768x576.jpg 768w, https:\/\/welcomealghero.com\/wp-content\/uploads\/2025\/01\/Agriturismo-Isidoro-alghero-500x375.jpg 500w, https:\/\/welcomealghero.com\/wp-content\/uploads\/2025\/01\/Agriturismo-Isidoro-alghero-700x525.jpg 700w\" sizes=\"(max-width: 1360px) 100vw, 1360px\" \/><\/a>\n\t\t\t\t\t<\/div>\n\t\t\n\t\t\t\n\t\t\t<div class=\"uael-post__content-wrap\">\n\t\t\t\t\t\t\t<div class=\"uael-post__terms-wrap\"><span class=\"uael-post__terms\"><span class=\"uael-listing__terms-link\">Agriturismo<\/span><\/span><\/div>\n\t\t\t\t\t\t<h3 class=\"uael-post__title\">\n\n\t\t\n\t\t\t\t\t\t<a href=\"https:\/\/welcomealghero.com\/es\/hotels\/agriturismo-isidoro-2\/\" target=\"_self\">\n\t\t\t\tAgriturismo Isidoro\t\t\t<\/a>\n\n\t\t\t\t<\/h3>\n\t\t\n\t\t<div class=\"uael-post__excerpt\">\n\t\t\t<p>Agriturismo Isidoro Agriturismo Isidoro, SS127bis, Alghero, Province of Sassari, Italy Located just 300 meters from a pebbly beach, Agriturismo Isidoro is a mere 5-minute drive \u2026<\/p>\n\t\t<\/div>\n\n\t\t\t\t\t<a class=\"uael-post__read-more elementor-button\" href=\"https:\/\/welcomealghero.com\/es\/hotels\/agriturismo-isidoro-2\/\" target=\"_self\" aria-labelledby=\"uael-post-22821\">\n\t\t\t\t\t<span class=\"elementor-button-content-wrapper\">\n\t\t\t\t\t\t\t\t\t\t\t\t\t\t<span class=\"elementor-button-icon elementor-align-icon-left\">\n\n\t\t\t\t\t\t\t\t\t\n\t\t\t\t\t\t\t\t<\/span>\n\t\t\t\t\t\t\t\t\t\t\t\t\t\n\t\t\t\t\t\t<span class=\"elementor-button-text\" id=\"uael-post-22821\">Leer m\u00e1s \u2192<\/span>\n\t\t\t\t\t<\/span>\n\t\t\t\t<\/a>\n\t\t\t\t\t\t<\/div>\n\t\t\t\n\t\t<\/div>\n\t\t\n\t<\/div>\n\n<\/div>\n\n<div class=\"uael-post-wrapper\">\n\t<div class=\"uael-post__bg-wrap\">\n\n\t\t\t\t\n\t\t<div class=\"uael-post__inner-wrap\">\n\n\t\t\t\t<div class=\"uael-post__thumbnail\">\n\t\t\t\n\t\t\t<a href=\"https:\/\/welcomealghero.com\/es\/hotels\/agriturismo-da-pina\/\" target=\"_self\" title=\"Agriturismo da Pina\"><img loading=\"lazy\" decoding=\"async\" width=\"1354\" height=\"1020\" src=\"https:\/\/welcomealghero.com\/wp-content\/uploads\/2025\/01\/Agriturismo-da-Pina.jpg\" class=\"attachment-full size-full wp-image-23804\" alt=\"Agriturismo da Pina - Agriturismo en Alghero\" srcset=\"https:\/\/welcomealghero.com\/wp-content\/uploads\/2025\/01\/Agriturismo-da-Pina.jpg 1354w, https:\/\/welcomealghero.com\/wp-content\/uploads\/2025\/01\/Agriturismo-da-Pina-300x226.jpg 300w, https:\/\/welcomealghero.com\/wp-content\/uploads\/2025\/01\/Agriturismo-da-Pina-1024x771.jpg 1024w, https:\/\/welcomealghero.com\/wp-content\/uploads\/2025\/01\/Agriturismo-da-Pina-768x579.jpg 768w, https:\/\/welcomealghero.com\/wp-content\/uploads\/2025\/01\/Agriturismo-da-Pina-500x377.jpg 500w, https:\/\/welcomealghero.com\/wp-content\/uploads\/2025\/01\/Agriturismo-da-Pina-700x527.jpg 700w\" sizes=\"(max-width: 1354px) 100vw, 1354px\" \/><\/a>\n\t\t\t\t\t<\/div>\n\t\t\n\t\t\t\n\t\t\t<div class=\"uael-post__content-wrap\">\n\t\t\t\t\t\t\t<div class=\"uael-post__terms-wrap\"><span class=\"uael-post__terms\"><span class=\"uael-listing__terms-link\">Agriturismo<\/span><\/span><\/div>\n\t\t\t\t\t\t<h3 class=\"uael-post__title\">\n\n\t\t\n\t\t\t\t\t\t<a href=\"https:\/\/welcomealghero.com\/es\/hotels\/agriturismo-da-pina\/\" target=\"_self\">\n\t\t\t\tAgriturismo da Pina\t\t\t<\/a>\n\n\t\t\t\t<\/h3>\n\t\t\n\t\t<div class=\"uael-post__excerpt\">\n\t\t\t<p>Agriturismo da Pina Agriturismo Da Pina, Via Punta Cristallo, Alghero, Province of Sassari, Italy Agriturismo da Pina, located in Alghero, provides accommodations with a garden \u2026<\/p>\n\t\t<\/div>\n\n\t\t\t\t\t<a class=\"uael-post__read-more elementor-button\" href=\"https:\/\/welcomealghero.com\/es\/hotels\/agriturismo-da-pina\/\" target=\"_self\" aria-labelledby=\"uael-post-22824\">\n\t\t\t\t\t<span class=\"elementor-button-content-wrapper\">\n\t\t\t\t\t\t\t\t\t\t\t\t\t\t<span class=\"elementor-button-icon elementor-align-icon-left\">\n\n\t\t\t\t\t\t\t\t\t\n\t\t\t\t\t\t\t\t<\/span>\n\t\t\t\t\t\t\t\t\t\t\t\t\t\n\t\t\t\t\t\t<span class=\"elementor-button-text\" id=\"uael-post-22824\">Leer m\u00e1s \u2192<\/span>\n\t\t\t\t\t<\/span>\n\t\t\t\t<\/a>\n\t\t\t\t\t\t<\/div>\n\t\t\t\n\t\t<\/div>\n\t\t\n\t<\/div>\n\n<\/div>\n\t\t\t\t<\/div>\n\t\t\t\t\t\t<div class=\"uael-post-inf-loader\">\n\t\t\t\t<div class=\"uael-post-loader-1\"><\/div>\n\t\t\t\t<div class=\"uael-post-loader-2\"><\/div>\n\t\t\t\t<div class=\"uael-post-loader-3\"><\/div>\n\t\t\t<\/div>\n\t\t\t\t\t\t\n\t\t<\/div>\n\n\t\t\t\t\t\t<\/div>\n\t\t<div class=\"uael-post__footer\">\n\t\t\t\t\t<\/div>\n\t\t\t\t\t\t<\/div>\n\t\t\t\t<\/div>\n\t\t\t\t\t<\/div>\n\t\t\t\t<\/div>\n\t\t\t\t<\/div>","protected":false},"excerpt":{"rendered":"<p>Agriturismo IN ALGHERO &#8211; Farm stays Agriturismi are farm stays in the countryside, the plural form of agriturismo, offering the traveler a unique opportunity to experience real country living. Many of them are working farms or family-run estates offering lodging, locally sourced meals, and a direct connection to the land. Guests can stay in attractively [&hellip;]<\/p>\n","protected":false},"author":1,"featured_media":0,"parent":0,"menu_order":0,"comment_status":"closed","ping_status":"closed","template":"","meta":{"_acf_changed":false,"site-sidebar-layout":"no-sidebar","site-content-layout":"page-builder","ast-site-content-layout":"full-width-container","site-content-style":"default","site-sidebar-style":"default","ast-global-header-display":"","ast-banner-title-visibility":"","ast-main-header-display":"","ast-hfb-above-header-display":"","ast-hfb-below-header-display":"","ast-hfb-mobile-header-display":"","site-post-title":"disabled","ast-breadcrumbs-content":"","ast-featured-img":"disabled","footer-sml-layout":"","ast-disable-related-posts":"","theme-transparent-header-meta":"","adv-header-id-meta":"","stick-header-meta":"","header-above-stick-meta":"","header-main-stick-meta":"","header-below-stick-meta":"","astra-migrate-meta-layouts":"default","ast-page-background-enabled":"default","ast-page-background-meta":{"desktop":{"background-color":"","background-image":"","background-repeat":"repeat","background-position":"center center","background-size":"auto","background-attachment":"scroll","background-type":"","background-media":"","overlay-type":"","overlay-color":"","overlay-opacity":"","overlay-gradient":""},"tablet":{"background-color":"","background-image":"","background-repeat":"repeat","background-position":"center center","background-size":"auto","background-attachment":"scroll","background-type":"","background-media":"","overlay-type":"","overlay-color":"","overlay-opacity":"","overlay-gradient":""},"mobile":{"background-color":"","background-image":"","background-repeat":"repeat","background-position":"center center","background-size":"auto","background-attachment":"scroll","background-type":"","background-media":"","overlay-type":"","overlay-color":"","overlay-opacity":"","overlay-gradient":""}},"ast-content-background-meta":{"desktop":{"background-color":"var(--ast-global-color-5)","background-image":"","background-repeat":"repeat","background-position":"center center","background-size":"auto","background-attachment":"scroll","background-type":"","background-media":"","overlay-type":"","overlay-color":"","overlay-opacity":"","overlay-gradient":""},"tablet":{"background-color":"var(--ast-global-color-5)","background-image":"","background-repeat":"repeat","background-position":"center center","background-size":"auto","background-attachment":"scroll","background-type":"","background-media":"","overlay-type":"","overlay-color":"","overlay-opacity":"","overlay-gradient":""},"mobile":{"background-color":"var(--ast-global-color-5)","background-image":"","background-repeat":"repeat","background-position":"center center","background-size":"auto","background-attachment":"scroll","background-type":"","background-media":"","overlay-type":"","overlay-color":"","overlay-opacity":"","overlay-gradient":""}},"iawp_total_views":250,"footnotes":""},"class_list":["post-23810","page","type-page","status-publish","hentry"],"acf":[],"_links":{"self":[{"href":"https:\/\/welcomealghero.com\/es\/wp-json\/wp\/v2\/pages\/23810","targetHints":{"allow":["GET"]}}],"collection":[{"href":"https:\/\/welcomealghero.com\/es\/wp-json\/wp\/v2\/pages"}],"about":[{"href":"https:\/\/welcomealghero.com\/es\/wp-json\/wp\/v2\/types\/page"}],"author":[{"embeddable":true,"href":"https:\/\/welcomealghero.com\/es\/wp-json\/wp\/v2\/users\/1"}],"replies":[{"embeddable":true,"href":"https:\/\/welcomealghero.com\/es\/wp-json\/wp\/v2\/comments?post=23810"}],"version-history":[{"count":0,"href":"https:\/\/welcomealghero.com\/es\/wp-json\/wp\/v2\/pages\/23810\/revisions"}],"wp:attachment":[{"href":"https:\/\/welcomealghero.com\/es\/wp-json\/wp\/v2\/media?parent=23810"}],"curies":[{"name":"wp","href":"https:\/\/api.w.org\/{rel}","templated":true}]}}